{"id":75,"date":"2019-01-19T21:37:57","date_gmt":"2019-01-19T21:37:57","guid":{"rendered":"http:\/\/sch\u00fctzenverein-grussendorf.de\/?page_id=75"},"modified":"2024-05-24T06:13:37","modified_gmt":"2024-05-24T04:13:37","slug":"schnupperschiessen","status":"publish","type":"page","link":"https:\/\/sch\u00fctzenverein-grussendorf.de\/?page_id=75","title":{"rendered":"Schnupperschie\u00dfen"},"content":{"rendered":"\r\n<p><strong>Du m\u00f6chtest den Schie\u00dfsport kennenlernen, ohne gleich einem Verein beizutreten?<\/strong><\/p>\r\n\r\n\r\n\r\n<p>Der Sch\u00fctzenverein Gru\u00dfendorf bietet zu allen \u00dcbungsterminen ein <strong>Schnupperschie\u00dfen f\u00fcr \u201eJEDEN\u201c<\/strong> an! Und &#8222;Jeden&#8220; ist genauso zu verstehen!<\/p>\r\n<p>Ob Du 6 oder 96 Jahre alt ist, kannst Du ganz unverbindlich &#8222;reinschnuppern&#8220;, ob der Schie\u00dfsport etwas f\u00fcr Dich ist und ob es Dir bei uns im Verein Spa\u00df machen w\u00fcrde, mit dabei zu sein.<br \/><br \/>Zu den <a href=\"https:\/\/sch\u00fctzenverein-grussendorf.de\/?page_id=1585\">\u00dcbungsterminen<\/a> sind erfahrene und qualifizierte <strong>Aufsichten <\/strong>vor Ort, die Dich in alle Abl\u00e4ufe und den <strong>sicheren Umgang<\/strong> mit den Sportger\u00e4ten einweisen k\u00f6nnen. Wir bieten damit die besten Voraussetzungen, die <strong>Faszination der olympischen Sportart Schie\u00dfsport<\/strong> selbst zu erfahren.<\/p>\r\n\r\n\r\n\r\n<figure class=\"wp-block-image\"><img loading=\"lazy\" decoding=\"async\" width=\"1024\" height=\"683\" class=\"wp-image-65\" src=\"http:\/\/xn--schtzenverein-grussendorf-hwc.de\/wp-content\/uploads\/2019\/01\/IMG_1850-1024x683.jpg\" alt=\"\" srcset=\"https:\/\/xn--schtzenverein-grussendorf-hwc.de\/wp-content\/uploads\/2019\/01\/IMG_1850-1024x683.jpg 1024w, https:\/\/xn--schtzenverein-grussendorf-hwc.de\/wp-content\/uploads\/2019\/01\/IMG_1850-300x200.jpg 300w, https:\/\/xn--schtzenverein-grussendorf-hwc.de\/wp-content\/uploads\/2019\/01\/IMG_1850-768x512.jpg 768w, https:\/\/xn--schtzenverein-grussendorf-hwc.de\/wp-content\/uploads\/2019\/01\/IMG_1850-450x300.jpg 450w\" sizes=\"auto, (max-width: 1024px) 100vw, 1024px\" \/>\r\n<figcaption>Nutzung des Kleinkaliberstandes. Entfernung 50m in den Disziplinen Gewehr stehend Auflage und Gewehr sitzend Auflage.<\/figcaption>\r\n<\/figure>\r\n\r\n\r\n\r\n\r\n\r\n<p>Folgende <strong>Altersgrenzen und\u00a0Regeln<\/strong> sind zu beachten:<\/p>\r\n\r\n\r\n\r\n<ul class=\"wp-block-list\">\r\n<li>Lichtpunktgewehr kann bei uns ab 6 Jahren geschossen werden.<\/li>\r\n<li>Kinder ab 12 Jahre d\u00fcrfen Druckluftwaffen bei Anwesenheit oder schriftlicher Erlaubnis eines Erziehungsberechtigten schie\u00dfen.<\/li>\r\n<li>Jugendliche ab 14 Jahre d\u00fcrfen Kleinkaliberwaffen bei Anwesenheit oder schriftlicher Erlaubnis eines Erziehungsberechtigten schie\u00dfen.<\/li>\r\n<li>Ab 18 Jahren stehen alle vorhandenen Kaliber frei zur Verf\u00fcgung. Der Einstieg erfolgt jedoch immer \u00fcber Druckluftwaffen. Altersnachweis \u00fcber Personalausweis ist erforderlich.<\/li>\r\n<\/ul>\r\n<p>Hier sind die aktuellen <a href=\"https:\/\/sch\u00fctzenverein-grussendorf.de\/?page_id=1585\">Trainingszeiten<\/a> &#8211; kommt einfach mal vorbei!<\/p>\r\n\r\n\r\n\r\n<figure class=\"wp-block-image\"><img loading=\"lazy\" decoding=\"async\" width=\"1024\" height=\"645\" class=\"wp-image-140\" src=\"http:\/\/xn--schtzenverein-grussendorf-hwc.de\/wp-content\/uploads\/2019\/02\/LG_IMG_2033-1024x645.jpg\" alt=\"\" srcset=\"https:\/\/xn--schtzenverein-grussendorf-hwc.de\/wp-content\/uploads\/2019\/02\/LG_IMG_2033-1024x645.jpg 1024w, https:\/\/xn--schtzenverein-grussendorf-hwc.de\/wp-content\/uploads\/2019\/02\/LG_IMG_2033-300x189.jpg 300w, https:\/\/xn--schtzenverein-grussendorf-hwc.de\/wp-content\/uploads\/2019\/02\/LG_IMG_2033-768x484.jpg 768w, https:\/\/xn--schtzenverein-grussendorf-hwc.de\/wp-content\/uploads\/2019\/02\/LG_IMG_2033-476x300.jpg 476w\" sizes=\"auto, (max-width: 1024px) 100vw, 1024px\" \/>\r\n<figcaption>Disziplin Luftgewehr, sitzend aufgelegt. Entfernung 10m.<\/figcaption>\r\n<\/figure>\r\n","protected":false},"excerpt":{"rendered":"<p>Du m\u00f6chtest den Schie\u00dfsport kennenlernen, ohne gleich einem Verein beizutreten? Der Sch\u00fctzenverein Gru\u00dfendorf bietet zu allen \u00dcbungsterminen ein Schnupperschie\u00dfen f\u00fcr \u201eJEDEN\u201c an! Und &#8222;Jeden&#8220; ist genauso zu verstehen! Ob Du 6 oder 96 Jahre alt ist, kannst Du ganz unverbindlich &hellip; <a href=\"https:\/\/sch\u00fctzenverein-grussendorf.de\/?page_id=75\">Weiterlesen <span class=\"meta-nav\">&rarr;<\/span><\/a><\/p>\n","protected":false},"author":1,"featured_media":0,"parent":1585,"menu_order":3,"comment_status":"closed","ping_status":"closed","template":"sidebar-page.php","meta":{"footnotes":""},"class_list":["post-75","page","type-page","status-publish","hentry"],"_links":{"self":[{"href":"https:\/\/sch\u00fctzenverein-grussendorf.de\/index.php?rest_route=\/wp\/v2\/pages\/75","targetHints":{"allow":["GET"]}}],"collection":[{"href":"https:\/\/sch\u00fctzenverein-grussendorf.de\/index.php?rest_route=\/wp\/v2\/pages"}],"about":[{"href":"https:\/\/sch\u00fctzenverein-grussendorf.de\/index.php?rest_route=\/wp\/v2\/types\/page"}],"author":[{"embeddable":true,"href":"https:\/\/sch\u00fctzenverein-grussendorf.de\/index.php?rest_route=\/wp\/v2\/users\/1"}],"replies":[{"embeddable":true,"href":"https:\/\/sch\u00fctzenverein-grussendorf.de\/index.php?rest_route=%2Fwp%2Fv2%2Fcomments&post=75"}],"version-history":[{"count":12,"href":"https:\/\/sch\u00fctzenverein-grussendorf.de\/index.php?rest_route=\/wp\/v2\/pages\/75\/revisions"}],"predecessor-version":[{"id":1931,"href":"https:\/\/sch\u00fctzenverein-grussendorf.de\/index.php?rest_route=\/wp\/v2\/pages\/75\/revisions\/1931"}],"up":[{"embeddable":true,"href":"https:\/\/sch\u00fctzenverein-grussendorf.de\/index.php?rest_route=\/wp\/v2\/pages\/1585"}],"wp:attachment":[{"href":"https:\/\/sch\u00fctzenverein-grussendorf.de\/index.php?rest_route=%2Fwp%2Fv2%2Fmedia&parent=75"}],"curies":[{"name":"wp","href":"https:\/\/api.w.org\/{rel}","templated":true}]}}