{"id":47,"date":"2019-01-19T10:08:12","date_gmt":"2019-01-19T10:08:12","guid":{"rendered":"http:\/\/xn--schtzenverein-grussendorf-hwc.de\/?page_id=47"},"modified":"2023-10-25T06:53:30","modified_gmt":"2023-10-25T04:53:30","slug":"schiesssport-im-sv-grussendorf","status":"publish","type":"page","link":"https:\/\/sch\u00fctzenverein-grussendorf.de\/?page_id=47","title":{"rendered":"Schie\u00dfsport"},"content":{"rendered":"\r\n\r\n<\/p>\r\n<figure class=\"wp-block-image\"><\/figure>\r\n<figure>Meist steht bei uns das gesellige Beisammensein im Vordergrund. Die soziale Komponente \u00fcberwiegt gegen\u00fcber dem Leistungsgedanken. Dennoch hat jeder Sportler auch bei uns die Trainingsm\u00f6glichkeiten, sich zu entwickeln und eine Leistungssport-Karriere aufzunehmen. Teilnahmen an Landes- und deutschen Meisterschaften belegen dies ebenso, wie der Wechsel einer Sch\u00fctzin in eine Bundesligamannschaft.<\/figure>\r\n<figure class=\"wp-block-image\">\r\n<div id=\"attachment_31\" style=\"width: 1034px\" class=\"wp-caption alignnone\"><img loading=\"lazy\" decoding=\"async\" aria-describedby=\"caption-attachment-31\" class=\"wp-image-31\" src=\"http:\/\/xn--schtzenverein-grussendorf-hwc.de\/wp-content\/uploads\/2019\/01\/IMG_1865-1024x683.jpg\" alt=\"\" width=\"1024\" height=\"683\" srcset=\"https:\/\/xn--schtzenverein-grussendorf-hwc.de\/wp-content\/uploads\/2019\/01\/IMG_1865-1024x683.jpg 1024w, https:\/\/xn--schtzenverein-grussendorf-hwc.de\/wp-content\/uploads\/2019\/01\/IMG_1865-300x200.jpg 300w, https:\/\/xn--schtzenverein-grussendorf-hwc.de\/wp-content\/uploads\/2019\/01\/IMG_1865-768x512.jpg 768w\" sizes=\"auto, (max-width: 1024px) 100vw, 1024px\" \/><p id=\"caption-attachment-31\" class=\"wp-caption-text\">Gutes Trefferbild im Luftpistolen-Training<\/p><\/div>\r\n<\/figure>\r\n\r\n\r\n\r\n<p><strong>In unserem Verein werden verschiedene Disziplinen in unterschiedlichsten Altersklassen ge\u00fcbt.<\/strong><\/p>\r\n<figure>Folgende <strong>Altersgrenzen und\u00a0Regeln<\/strong> sind zu beachten:<\/figure>\r\n<p>\r\n\r\n<\/p>\r\n<ul class=\"wp-block-list\">\r\n<li>Lichtpunktgewehr kann bei uns ab 6 Jahren geschossen werden.<\/li>\r\n<li>Kinder ab 12 Jahre d\u00fcrfen Druckluftwaffen bei Anwesenheit oder schriftlicher Erlaubnis eines Erziehungsberechtigten schie\u00dfen.<\/li>\r\n<li>Jugendliche ab 14 Jahre d\u00fcrfen Kleinkaliberwaffen bei Anwesenheit oder schriftlicher Erlaubnis eines Erziehungsberechtigten schie\u00dfen.<\/li>\r\n<li>Ab 18 Jahren stehen alle vorhandenen Kaliber frei zur Verf\u00fcgung. Der Einstieg erfolgt jedoch immer \u00fcber Druckluftwaffen. Altersnachweis \u00fcber Personalausweis ist erforderlich.<\/li>\r\n<\/ul>\r\n<p>Die aktuellen Trainingszeiten findet Ihr <a href=\"https:\/\/sch\u00fctzenverein-grussendorf.de\/?page_id=1585\">hier<\/a>!<\/p>\r\n<p><strong>Infrastruktur<\/strong><\/p>\r\n\r\n\r\n\r\n<p>Es stehen zwei Schie\u00dfst\u00e4nde zur Verf\u00fcgung, in denen jeweils mehrere Schie\u00dfbahnen untergebracht sind.<\/p>\r\n\r\n\r\n\r\n<ul class=\"wp-block-list\">\r\n<li>7 x 10m-Schie\u00dfbahnen f\u00fcr Druckluft (Gewehr und Pistole), freihand, aufgelegt und sitzend<\/li>\r\n<li>2 x 10m-Schie\u00dfbahn f\u00fcr Lichtpunktgewehr<\/li>\r\n<li>3 x 50m-Schie\u00dfbahnen f\u00fcr Kleinkalibergewehr (stehend, sitzend, liegend), umr\u00fcstbar zu<\/li>\r\n<li>2 x 25m-Schie\u00dfbahn Kurzwaffe (Sportpistole)<\/li>\r\n<\/ul>\r\n\r\n\r\n\r\n<p>Die Vereinswaffen k\u00f6nnen als Mitglied unentgeltlich genutzt werden &#8211; lediglich f\u00fcr Munition und Scheiben wird ein Unkostenbeitrag erhoben.<\/p>\r\n<p>&nbsp;<\/p>\r\n\r\n\r\n\r\n<figure class=\"wp-block-image\">\r\n<div id=\"attachment_137\" style=\"width: 1034px\" class=\"wp-caption alignnone\"><img loading=\"lazy\" decoding=\"async\" aria-describedby=\"caption-attachment-137\" class=\"wp-image-137\" src=\"http:\/\/xn--schtzenverein-grussendorf-hwc.de\/wp-content\/uploads\/2019\/02\/IMG_2032-1024x683.jpg\" alt=\"\" width=\"1024\" height=\"683\" srcset=\"https:\/\/xn--schtzenverein-grussendorf-hwc.de\/wp-content\/uploads\/2019\/02\/IMG_2032-1024x683.jpg 1024w, https:\/\/xn--schtzenverein-grussendorf-hwc.de\/wp-content\/uploads\/2019\/02\/IMG_2032-300x200.jpg 300w, https:\/\/xn--schtzenverein-grussendorf-hwc.de\/wp-content\/uploads\/2019\/02\/IMG_2032-768x512.jpg 768w, https:\/\/xn--schtzenverein-grussendorf-hwc.de\/wp-content\/uploads\/2019\/02\/IMG_2032-450x300.jpg 450w\" sizes=\"auto, (max-width: 1024px) 100vw, 1024px\" \/><p id=\"caption-attachment-137\" class=\"wp-caption-text\">Training Luftpistole<\/p><\/div>\r\n<\/figure>\r\n","protected":false},"excerpt":{"rendered":"<p>In unserem Verein werden verschiedene Disziplinen in unterschiedlichsten Altersklassen ge\u00fcbt. Folgende Altersgrenzen und\u00a0Regeln sind zu beachten: Lichtpunktgewehr kann bei uns ab 6 Jahren geschossen werden. Kinder ab 12 Jahre d\u00fcrfen Druckluftwaffen bei Anwesenheit oder schriftlicher Erlaubnis eines Erziehungsberechtigten schie\u00dfen. Jugendliche &hellip; <a href=\"https:\/\/sch\u00fctzenverein-grussendorf.de\/?page_id=47\">Weiterlesen <span class=\"meta-nav\">&rarr;<\/span><\/a><\/p>\n","protected":false},"author":1,"featured_media":0,"parent":1585,"menu_order":0,"comment_status":"closed","ping_status":"closed","template":"sidebar-page.php","meta":{"footnotes":""},"class_list":["post-47","page","type-page","status-publish","hentry"],"_links":{"self":[{"href":"https:\/\/sch\u00fctzenverein-grussendorf.de\/index.php?rest_route=\/wp\/v2\/pages\/47","targetHints":{"allow":["GET"]}}],"collection":[{"href":"https:\/\/sch\u00fctzenverein-grussendorf.de\/index.php?rest_route=\/wp\/v2\/pages"}],"about":[{"href":"https:\/\/sch\u00fctzenverein-grussendorf.de\/index.php?rest_route=\/wp\/v2\/types\/page"}],"author":[{"embeddable":true,"href":"https:\/\/sch\u00fctzenverein-grussendorf.de\/index.php?rest_route=\/wp\/v2\/users\/1"}],"replies":[{"embeddable":true,"href":"https:\/\/sch\u00fctzenverein-grussendorf.de\/index.php?rest_route=%2Fwp%2Fv2%2Fcomments&post=47"}],"version-history":[{"count":14,"href":"https:\/\/sch\u00fctzenverein-grussendorf.de\/index.php?rest_route=\/wp\/v2\/pages\/47\/revisions"}],"predecessor-version":[{"id":1610,"href":"https:\/\/sch\u00fctzenverein-grussendorf.de\/index.php?rest_route=\/wp\/v2\/pages\/47\/revisions\/1610"}],"up":[{"embeddable":true,"href":"https:\/\/sch\u00fctzenverein-grussendorf.de\/index.php?rest_route=\/wp\/v2\/pages\/1585"}],"wp:attachment":[{"href":"https:\/\/sch\u00fctzenverein-grussendorf.de\/index.php?rest_route=%2Fwp%2Fv2%2Fmedia&parent=47"}],"curies":[{"name":"wp","href":"https:\/\/api.w.org\/{rel}","templated":true}]}}