{"id":24,"date":"2025-01-15T23:36:38","date_gmt":"2025-01-15T22:36:38","guid":{"rendered":"http:\/\/xn--schtzenverein-grussendorf-hwc.de\/?page_id=24"},"modified":"2026-01-10T11:49:51","modified_gmt":"2026-01-10T10:49:51","slug":"calendar","status":"publish","type":"page","link":"https:\/\/sch\u00fctzenverein-grussendorf.de\/?page_id=24","title":{"rendered":"Termine &#038; Veranstaltungen"},"content":{"rendered":"<p>Auf dieser Seite sind alle Terminpl\u00e4ne rund um unseren Sch\u00fctzenverein zum Download\u00a0(<a href=\"https:\/\/xn--schtzenverein-grussendorf-hwc.de\/wp-content\/uploads\/2026\/01\/Terminuebersicht_2026.pdf\">Termin\u00fcbersicht_2026<\/a>), weiter unten nochmal in Textform\u00a0oder zum einbinden in Euren digitalen Kalender.<\/p>\n<p><strong>\u00dcbersicht \u00fcber alle Termine als Google-Calendar<\/strong><br \/>\n(\u00fcber den Button rechts oben k\u00f6nnt Ihr zwischen Listen-, Wochen- und Monatssicht umschalten)<br \/>\n<iframe loading=\"lazy\" style=\"border: 0;\" src=\"https:\/\/calendar.google.com\/calendar\/embed?src=marc.jablonski66%40googlemail.com&amp;bgcolor=%23ffffff&amp;color=%23174f24&amp;mode=AGENDA&amp;showTitle=1&amp;showNav=1&amp;showDate=0&amp;showPrint=0&amp;showTabs=1&amp;showCalendars=1&amp;ctz=Europe%2FBerlin\" width=\"600\" height=\"480\" frameborder=\"1\" scrolling=\"no\"><\/iframe><\/p>\n<p>&nbsp;<\/p>\n<p><strong>Und in der Listen-\u00dcbersicht:<\/strong><\/p>\n<p style=\"text-align: center;\"><strong>Januar 2026<\/strong><br \/>\n06. Januar 1. Entenschie\u00dfen: 19:00 Uhr im Sch\u00fctzenheim<br \/>\n10. Januar Generalversammlung: 18:00 Uhr im Sch\u00fctzenheim<br \/>\n13. Januar 2. Entenschie\u00dfen \u2013 19:00 Uhr im Sch\u00fctzenheim<br \/>\n16. Januar Vereinsmeisterschaft Dart: 19:00 Uhr im Sch\u00fctzenheim<br \/>\n20. Januar 3. Entenschie\u00dfen: 19:00 Uhr im Sch\u00fctzenheim<\/p>\n<p style=\"text-align: center;\"><strong>Februar 2026<\/strong><br \/>\n01. Februar Gr\u00fcnkohlwanderung: Treffen 10:00 Uhr bei der Feuerwehr<br \/>\n14. Februar Faschingsfeier: 15:00 Uhr \/ 19:30 Uhr bei Kr\u00f6ger<\/p>\n<p style=\"text-align: center;\"><strong>M\u00e4rz 2026<\/strong><br \/>\n14. M\u00e4rz 18:00 Uhr Delegiertentagung Stadthalle GF (nur Abordnung)<\/p>\n<p style=\"text-align: center;\"><strong>April 2026<\/strong><br \/>\nAlle \u00dcbungsabende im April: Partnerpokal<br \/>\n03. April Ostereierschie\u00dfen: 18:00 Uhr im Sch\u00fctzenheim<\/p>\n<p style=\"text-align: center;\"><strong>Mai 2026<\/strong><br \/>\n09. Mai Bollerthon der JG: ab 10:00 Uhr am Sch\u00fctzenheim<br \/>\n16. Mai Hauptversammlung: 19:00 Uhr im Sch\u00fctzenheim<br \/>\n28. Mai Kinderk\u00f6nigsschie\u00dfen: 15:30 &#8211; 17:30 Uhr im Sch\u00fctzenheim<br \/>\n30. Mai K\u00f6nigsschie\u00dfen: 13:00 Uhr Antreten auf dem Festplatz<\/p>\n<p style=\"text-align: center;\"><strong>Juni 2026<\/strong><br \/>\n04. Juni Jungsch\u00fctzen und JG zum Dorf schm\u00fccken<br \/>\n05. Juni &#8211; 07. Juni Sch\u00fctzenfest<br \/>\n20. Juni Abrechnung: 18:00 Uhr im Sch\u00fctzenheim<\/p>\n<p style=\"text-align: center;\"><strong>Juli 2026<\/strong><\/p>\n<p style=\"text-align: center;\"><strong>August 2026<\/strong><br \/>\n23. August Pokal der Ex-Majest\u00e4ten: 14:00 Uhr im Sch\u00fctzenheim<\/p>\n<p style=\"text-align: center;\"><strong>September 2026<\/strong><br \/>\n01.09 \u2013 22.09. Jeden Dienstag zum \u00dcbungsschie\u00dfen: Qualifikation f\u00fcr Sassenburgpokal &amp; Vereinspokal KK<br \/>\n04. September Turnier um den Vereinspokal LG<br \/>\n26. September Sassenburg-Pokal und Sassenburg-Ball in Dannenb\u00fcttel<\/p>\n<p style=\"text-align: center;\"><strong>Oktober 2026<\/strong><br \/>\nAlle \u00dcbungsabende im Oktober: Vereinsmeisterschaft Luftdruck &amp; KK<br \/>\n10. Oktober Dorfpokalschie\u00dfen<\/p>\n<p style=\"text-align: center;\"><strong>November 2026<\/strong><br \/>\nAlle \u00dcbungsabende im November: Vereinsmeisterschaft Luftdruck &amp; KK<br \/>\n07. November Kreisdamentreffen Stadthalle Gifhorn<br \/>\n08. November Vergleichsschie\u00dfen Gru\u00dfendorf vs. St\u00fcde in Gru\u00dfendorf<br \/>\n15. November Gedenkakt Volkstrauertag: 11:00 Uhr am Denkmal (Kapelle)<\/p>\n<p style=\"text-align: center;\"><strong>Dezember 2026<\/strong><br \/>\n??. Dezember: Lebendiger Adventskalender im Sch\u00fctzenheim<br \/>\n08. Dezember Peter Schillberg Pokal \u2013 19:00 Uhr im Sch\u00fctzenheim<br \/>\n??. Dezember Weihnachtsfeier \u2013 ab 18:30 Uhr im Sch\u00fctzenheim<br \/>\n27. Dezember Weihnachtsdarts<\/p>\n","protected":false},"excerpt":{"rendered":"<p>Auf dieser Seite sind alle Terminpl\u00e4ne rund um unseren Sch\u00fctzenverein zum Download\u00a0(Termin\u00fcbersicht_2026), weiter unten nochmal in Textform\u00a0oder zum einbinden in Euren digitalen Kalender. \u00dcbersicht \u00fcber alle Termine als Google-Calendar (\u00fcber den Button rechts oben k\u00f6nnt Ihr zwischen Listen-, Wochen- und &hellip; <a href=\"https:\/\/sch\u00fctzenverein-grussendorf.de\/?page_id=24\">Weiterlesen <span class=\"meta-nav\">&rarr;<\/span><\/a><\/p>\n","protected":false},"author":1,"featured_media":0,"parent":238,"menu_order":3,"comment_status":"closed","ping_status":"closed","template":"sidebar-page.php","meta":{"footnotes":""},"class_list":["post-24","page","type-page","status-publish","hentry"],"_links":{"self":[{"href":"https:\/\/sch\u00fctzenverein-grussendorf.de\/index.php?rest_route=\/wp\/v2\/pages\/24","targetHints":{"allow":["GET"]}}],"collection":[{"href":"https:\/\/sch\u00fctzenverein-grussendorf.de\/index.php?rest_route=\/wp\/v2\/pages"}],"about":[{"href":"https:\/\/sch\u00fctzenverein-grussendorf.de\/index.php?rest_route=\/wp\/v2\/types\/page"}],"author":[{"embeddable":true,"href":"https:\/\/sch\u00fctzenverein-grussendorf.de\/index.php?rest_route=\/wp\/v2\/users\/1"}],"replies":[{"embeddable":true,"href":"https:\/\/sch\u00fctzenverein-grussendorf.de\/index.php?rest_route=%2Fwp%2Fv2%2Fcomments&post=24"}],"version-history":[{"count":23,"href":"https:\/\/sch\u00fctzenverein-grussendorf.de\/index.php?rest_route=\/wp\/v2\/pages\/24\/revisions"}],"predecessor-version":[{"id":2543,"href":"https:\/\/sch\u00fctzenverein-grussendorf.de\/index.php?rest_route=\/wp\/v2\/pages\/24\/revisions\/2543"}],"up":[{"embeddable":true,"href":"https:\/\/sch\u00fctzenverein-grussendorf.de\/index.php?rest_route=\/wp\/v2\/pages\/238"}],"wp:attachment":[{"href":"https:\/\/sch\u00fctzenverein-grussendorf.de\/index.php?rest_route=%2Fwp%2Fv2%2Fmedia&parent=24"}],"curies":[{"name":"wp","href":"https:\/\/api.w.org\/{rel}","templated":true}]}}