{"id":238,"date":"2019-08-11T11:51:13","date_gmt":"2019-08-11T09:51:13","guid":{"rendered":"http:\/\/sch\u00fctzenverein-grussendorf.de\/?page_id=238"},"modified":"2021-05-09T14:01:48","modified_gmt":"2021-05-09T12:01:48","slug":"aktuelles","status":"publish","type":"page","link":"https:\/\/sch\u00fctzenverein-grussendorf.de\/","title":{"rendered":"Aktuelles"},"content":{"rendered":"\r\n\r\n\r\n<style>.wp-show-posts-columns#wpsp-487 {margin-left: -2em; }.wp-show-posts-columns#wpsp-487 .wp-show-posts-inner {margin: 0 0 2em 2em; }<\/style><section id=\"wpsp-487\" class=\" wp-show-posts\" style=\"\"><article class=\" wp-show-posts-single wpsp-clearfix post-2608 post type-post status-publish format-standard hentry category-aktuelles\" itemtype=\"http:\/\/schema.org\/CreativeWork\" itemscope><div class=\"wp-show-posts-inner\" style=\"\">\t\t\t\t\t\t<header class=\"wp-show-posts-entry-header\">\n\t\t\t\t\t\t\t<h2 class=\"wp-show-posts-entry-title\" itemprop=\"headline\"><a href=\"https:\/\/sch\u00fctzenverein-grussendorf.de\/?p=2608\" rel=\"bookmark\">24.04.1026! &#8211; 1. Neighbour-Cup! &#8211; 4 D\u00f6rfer, ein Pokal!<\/a><\/h2><div class=\"wp-show-posts-entry-meta wp-show-posts-entry-meta-below-title post-meta-inline\"><span class=\"wp-show-posts-posted-on wp-show-posts-meta\">\n\t\t\t\t\t<a href=\"https:\/\/sch\u00fctzenverein-grussendorf.de\/?p=2608\" title=\"12:25\" rel=\"bookmark\"><time class=\"wp-show-posts-entry-date published\" datetime=\"2026-04-15T12:25:32+02:00\" itemprop=\"datePublished\">15. April 2026<\/time><time class=\"wp-show-posts-updated\" datetime=\"2026-04-15T12:26:06+02:00\" itemprop=\"dateModified\">15. April 2026<\/time><\/a>\n\t\t\t\t<\/span><\/div>\t\t\t\t\t\t<\/header><!-- .entry-header -->\n\t\t\t\t\t\t\t\t\t\t\t<div class=\"wp-show-posts-entry-summary\" itemprop=\"text\">\n\t\t\t\t\t\t\t\t\t\t\t\t\t<\/div><!-- .entry-summary -->\n\t\t\t\t\t<div class=\"wpsp-read-more\"><a title=\"24.04.1026! &#8211; 1. Neighbour-Cup! &#8211; 4 D\u00f6rfer, ein Pokal!\" class=\"wp-show-posts-read-more\" href=\"https:\/\/sch\u00fctzenverein-grussendorf.de\/?p=2608\">Weiterlesen<\/a><\/div><\/div><!-- wp-show-posts-inner --><div class=\"wpsp-clear\"><\/div><\/article><article class=\" wp-show-posts-single wpsp-clearfix post-2603 post type-post status-publish format-standard hentry category-aktuelles\" itemtype=\"http:\/\/schema.org\/CreativeWork\" itemscope><div class=\"wp-show-posts-inner\" style=\"\">\t\t\t\t\t\t<header class=\"wp-show-posts-entry-header\">\n\t\t\t\t\t\t\t<h2 class=\"wp-show-posts-entry-title\" itemprop=\"headline\"><a href=\"https:\/\/sch\u00fctzenverein-grussendorf.de\/?p=2603\" rel=\"bookmark\">Volles Sch\u00fctzenheim zum Ostereierschie\u00dfen<\/a><\/h2><div class=\"wp-show-posts-entry-meta wp-show-posts-entry-meta-below-title post-meta-inline\"><span class=\"wp-show-posts-posted-on wp-show-posts-meta\">\n\t\t\t\t\t<a href=\"https:\/\/sch\u00fctzenverein-grussendorf.de\/?p=2603\" title=\"06:30\" rel=\"bookmark\"><time class=\"wp-show-posts-entry-date published\" datetime=\"2026-04-14T06:30:28+02:00\" itemprop=\"datePublished\">14. April 2026<\/time><\/a>\n\t\t\t\t<\/span><\/div>\t\t\t\t\t\t<\/header><!-- .entry-header -->\n\t\t\t\t\t\t\t\t\t\t\t<div class=\"wp-show-posts-entry-summary\" itemprop=\"text\">\n\t\t\t\t\t\t\t<p>Kurz vor Ostern trafen sich Vormittags die Kinder und Abends die Erwachsenen zum Ostereierschie\u00dfen. Insgesamt 450 Eier gingen dabei \u00fcber den Tisch. Es fanden sich jeweils fast 30 Mitglieder zu den beiden Events ein und&#8230;<\/p>\n\t\t\t\t\t\t<\/div><!-- .entry-summary -->\n\t\t\t\t\t<div class=\"wpsp-read-more\"><a title=\"Volles Sch\u00fctzenheim zum Ostereierschie\u00dfen\" class=\"wp-show-posts-read-more\" href=\"https:\/\/sch\u00fctzenverein-grussendorf.de\/?p=2603\">Weiterlesen<\/a><\/div><\/div><!-- wp-show-posts-inner --><div class=\"wpsp-clear\"><\/div><\/article><article class=\" wp-show-posts-single wpsp-clearfix post-2583 post type-post status-publish format-standard has-post-thumbnail hentry category-aktuelles\" itemtype=\"http:\/\/schema.org\/CreativeWork\" itemscope><div class=\"wp-show-posts-inner\" style=\"\">\t\t\t\t\t\t<header class=\"wp-show-posts-entry-header\">\n\t\t\t\t\t\t\t<h2 class=\"wp-show-posts-entry-title\" itemprop=\"headline\"><a href=\"https:\/\/sch\u00fctzenverein-grussendorf.de\/?p=2583\" rel=\"bookmark\">Junge Gesellschaft Gru\u00dfendorf l\u00e4dt zum 3. Bollerthon ein<\/a><\/h2><div class=\"wp-show-posts-entry-meta wp-show-posts-entry-meta-below-title post-meta-inline\"><span class=\"wp-show-posts-posted-on wp-show-posts-meta\">\n\t\t\t\t\t<a href=\"https:\/\/sch\u00fctzenverein-grussendorf.de\/?p=2583\" title=\"11:29\" rel=\"bookmark\"><time class=\"wp-show-posts-entry-date published\" datetime=\"2026-03-14T11:29:56+01:00\" itemprop=\"datePublished\">14. M\u00e4rz 2026<\/time><time class=\"wp-show-posts-updated\" datetime=\"2026-03-16T20:14:23+01:00\" itemprop=\"dateModified\">16. M\u00e4rz 2026<\/time><\/a>\n\t\t\t\t<\/span><\/div>\t\t\t\t\t\t<\/header><!-- .entry-header -->\n\t\t\t\t\t\t\t<div class=\"wp-show-posts-image  wpsp-image-right \">\n\t\t\t<a href=\"https:\/\/sch\u00fctzenverein-grussendorf.de\/?p=2583\"  title=\"Junge Gesellschaft Gru\u00dfendorf l\u00e4dt zum 3. Bollerthon ein\"><img loading=\"lazy\" decoding=\"async\" width=\"1821\" height=\"446\" src=\"https:\/\/xn--schtzenverein-grussendorf-hwc.de\/wp-content\/uploads\/2026\/03\/flyer_2026.1-2_Footer.jpg\" class=\"attachment-full size-full wp-post-image\" alt=\"\" itemprop=\"image\" srcset=\"https:\/\/xn--schtzenverein-grussendorf-hwc.de\/wp-content\/uploads\/2026\/03\/flyer_2026.1-2_Footer.jpg 1821w, https:\/\/xn--schtzenverein-grussendorf-hwc.de\/wp-content\/uploads\/2026\/03\/flyer_2026.1-2_Footer-300x73.jpg 300w, https:\/\/xn--schtzenverein-grussendorf-hwc.de\/wp-content\/uploads\/2026\/03\/flyer_2026.1-2_Footer-1024x251.jpg 1024w, https:\/\/xn--schtzenverein-grussendorf-hwc.de\/wp-content\/uploads\/2026\/03\/flyer_2026.1-2_Footer-768x188.jpg 768w, https:\/\/xn--schtzenverein-grussendorf-hwc.de\/wp-content\/uploads\/2026\/03\/flyer_2026.1-2_Footer-1536x376.jpg 1536w, https:\/\/xn--schtzenverein-grussendorf-hwc.de\/wp-content\/uploads\/2026\/03\/flyer_2026.1-2_Footer-500x122.jpg 500w\" sizes=\"auto, (max-width: 1821px) 100vw, 1821px\" \/><\/a>\t\t<\/div>\n\t\t\t\t\t\t\t\t<div class=\"wp-show-posts-entry-summary\" itemprop=\"text\">\n\t\t\t\t\t\t\t<p>Bollerwagen schnappen, Team zusammenstellen und los geht\u2019s: Die Junge Gesellschaft Gru\u00dfendorf l\u00e4dt am 9. Mai 2026 zum 3. Bollerthon ein. Start der beliebten Bollerwagenrallye ist um 10 Uhr am Sch\u00fctzenheim \/ Sportzentrum Gru\u00dfendorf und eines&#8230;<\/p>\n\t\t\t\t\t\t<\/div><!-- .entry-summary -->\n\t\t\t\t\t<div class=\"wpsp-read-more\"><a title=\"Junge Gesellschaft Gru\u00dfendorf l\u00e4dt zum 3. Bollerthon ein\" class=\"wp-show-posts-read-more\" href=\"https:\/\/sch\u00fctzenverein-grussendorf.de\/?p=2583\">Weiterlesen<\/a><\/div><\/div><!-- wp-show-posts-inner --><div class=\"wpsp-clear\"><\/div><\/article><article class=\" wp-show-posts-single wpsp-clearfix post-2570 post type-post status-publish format-standard has-post-thumbnail hentry category-aktuelles\" itemtype=\"http:\/\/schema.org\/CreativeWork\" itemscope><div class=\"wp-show-posts-inner\" style=\"\">\t\t\t\t\t\t<header class=\"wp-show-posts-entry-header\">\n\t\t\t\t\t\t\t<h2 class=\"wp-show-posts-entry-title\" itemprop=\"headline\"><a href=\"https:\/\/sch\u00fctzenverein-grussendorf.de\/?p=2570\" rel=\"bookmark\">Pascal &#8222;Puschi&#8220; Puschmann ist 4. Vereinsmeister im Dart<\/a><\/h2><div class=\"wp-show-posts-entry-meta wp-show-posts-entry-meta-below-title post-meta-inline\"><span class=\"wp-show-posts-posted-on wp-show-posts-meta\">\n\t\t\t\t\t<a href=\"https:\/\/sch\u00fctzenverein-grussendorf.de\/?p=2570\" title=\"12:27\" rel=\"bookmark\"><time class=\"wp-show-posts-entry-date published\" datetime=\"2026-02-20T12:27:54+01:00\" itemprop=\"datePublished\">20. Februar 2026<\/time><time class=\"wp-show-posts-updated\" datetime=\"2026-03-15T09:18:54+01:00\" itemprop=\"dateModified\">15. M\u00e4rz 2026<\/time><\/a>\n\t\t\t\t<\/span><\/div>\t\t\t\t\t\t<\/header><!-- .entry-header -->\n\t\t\t\t\t\t\t<div class=\"wp-show-posts-image  wpsp-image-right \">\n\t\t\t<a href=\"https:\/\/sch\u00fctzenverein-grussendorf.de\/?p=2570\"  title=\"Pascal &#8222;Puschi&#8220; Puschmann ist 4. Vereinsmeister im Dart\"><img loading=\"lazy\" decoding=\"async\" width=\"1078\" height=\"650\" src=\"https:\/\/xn--schtzenverein-grussendorf-hwc.de\/wp-content\/uploads\/2026\/03\/IMG-20260116-WA0016-Kopie.jpg\" class=\"attachment-full size-full wp-post-image\" alt=\"\" itemprop=\"image\" srcset=\"https:\/\/xn--schtzenverein-grussendorf-hwc.de\/wp-content\/uploads\/2026\/03\/IMG-20260116-WA0016-Kopie.jpg 1078w, https:\/\/xn--schtzenverein-grussendorf-hwc.de\/wp-content\/uploads\/2026\/03\/IMG-20260116-WA0016-Kopie-300x181.jpg 300w, https:\/\/xn--schtzenverein-grussendorf-hwc.de\/wp-content\/uploads\/2026\/03\/IMG-20260116-WA0016-Kopie-1024x617.jpg 1024w, https:\/\/xn--schtzenverein-grussendorf-hwc.de\/wp-content\/uploads\/2026\/03\/IMG-20260116-WA0016-Kopie-768x463.jpg 768w, https:\/\/xn--schtzenverein-grussendorf-hwc.de\/wp-content\/uploads\/2026\/03\/IMG-20260116-WA0016-Kopie-498x300.jpg 498w\" sizes=\"auto, (max-width: 1078px) 100vw, 1078px\" \/><\/a>\t\t<\/div>\n\t\t\t\t\t\t\t\t<div class=\"wp-show-posts-entry-summary\" itemprop=\"text\">\n\t\t\t\t\t\t\t<p>Es bleibt dabei &#8211; bisher konnte niemand die Dart-Vereinsmeisterschaft zum zweiten Mal gewinnen. Nach Kai Lange, Marcus Cordes und Martin Dressel konnte bei der 4. Auflage Pascal Puschmann den Titel erringen. Das Turnier fand erneut&#8230;<\/p>\n\t\t\t\t\t\t<\/div><!-- .entry-summary -->\n\t\t\t\t\t<div class=\"wpsp-read-more\"><a title=\"Pascal &#8222;Puschi&#8220; Puschmann ist 4. Vereinsmeister im Dart\" class=\"wp-show-posts-read-more\" href=\"https:\/\/sch\u00fctzenverein-grussendorf.de\/?p=2570\">Weiterlesen<\/a><\/div><\/div><!-- wp-show-posts-inner --><div class=\"wpsp-clear\"><\/div><\/article><article class=\" wp-show-posts-single wpsp-clearfix post-2565 post type-post status-publish format-standard has-post-thumbnail hentry category-aktuelles\" itemtype=\"http:\/\/schema.org\/CreativeWork\" itemscope><div class=\"wp-show-posts-inner\" style=\"\">\t\t\t\t\t\t<header class=\"wp-show-posts-entry-header\">\n\t\t\t\t\t\t\t<h2 class=\"wp-show-posts-entry-title\" itemprop=\"headline\"><a href=\"https:\/\/sch\u00fctzenverein-grussendorf.de\/?p=2565\" rel=\"bookmark\">Gru\u00dfendorf erringt 4x Gold bei der Kreismeisterschaft im Blasrohr<\/a><\/h2><div class=\"wp-show-posts-entry-meta wp-show-posts-entry-meta-below-title post-meta-inline\"><span class=\"wp-show-posts-posted-on wp-show-posts-meta\">\n\t\t\t\t\t<a href=\"https:\/\/sch\u00fctzenverein-grussendorf.de\/?p=2565\" title=\"18:57\" rel=\"bookmark\"><time class=\"wp-show-posts-entry-date published\" datetime=\"2026-02-16T18:57:11+01:00\" itemprop=\"datePublished\">16. Februar 2026<\/time><time class=\"wp-show-posts-updated\" datetime=\"2026-03-14T12:38:47+01:00\" itemprop=\"dateModified\">14. M\u00e4rz 2026<\/time><\/a>\n\t\t\t\t<\/span><\/div>\t\t\t\t\t\t<\/header><!-- .entry-header -->\n\t\t\t\t\t\t\t<div class=\"wp-show-posts-image  wpsp-image-right \">\n\t\t\t<a href=\"https:\/\/sch\u00fctzenverein-grussendorf.de\/?p=2565\"  title=\"Gru\u00dfendorf erringt 4x Gold bei der Kreismeisterschaft im Blasrohr\"><img loading=\"lazy\" decoding=\"async\" width=\"2560\" height=\"1751\" src=\"https:\/\/xn--schtzenverein-grussendorf-hwc.de\/wp-content\/uploads\/2026\/02\/PXL_20260214_121157562-Kopie-scaled.jpg\" class=\"attachment-full size-full wp-post-image\" alt=\"\" itemprop=\"image\" srcset=\"https:\/\/xn--schtzenverein-grussendorf-hwc.de\/wp-content\/uploads\/2026\/02\/PXL_20260214_121157562-Kopie-scaled.jpg 2560w, https:\/\/xn--schtzenverein-grussendorf-hwc.de\/wp-content\/uploads\/2026\/02\/PXL_20260214_121157562-Kopie-300x205.jpg 300w, https:\/\/xn--schtzenverein-grussendorf-hwc.de\/wp-content\/uploads\/2026\/02\/PXL_20260214_121157562-Kopie-1024x700.jpg 1024w, https:\/\/xn--schtzenverein-grussendorf-hwc.de\/wp-content\/uploads\/2026\/02\/PXL_20260214_121157562-Kopie-768x525.jpg 768w, https:\/\/xn--schtzenverein-grussendorf-hwc.de\/wp-content\/uploads\/2026\/02\/PXL_20260214_121157562-Kopie-1536x1051.jpg 1536w, https:\/\/xn--schtzenverein-grussendorf-hwc.de\/wp-content\/uploads\/2026\/02\/PXL_20260214_121157562-Kopie-2048x1401.jpg 2048w, https:\/\/xn--schtzenverein-grussendorf-hwc.de\/wp-content\/uploads\/2026\/02\/PXL_20260214_121157562-Kopie-439x300.jpg 439w\" sizes=\"auto, (max-width: 2560px) 100vw, 2560px\" \/><\/a>\t\t<\/div>\n\t\t\t\t\t\t\t\t<div class=\"wp-show-posts-entry-summary\" itemprop=\"text\">\n\t\t\t\t\t\t\t<p>In den Sch\u00fclerklassen der Jahrg\u00e4nge 2013 und j\u00fcnger sind die Gru\u00dfendorfer Blasrohrsch\u00fctzinnen und -sch\u00fctzen auf Kreisebene derzeit das Ma\u00df aller Dinge. Dies zeigte sich auch wieder auf der Kreismeisterschaft am 14.02., die in Gravenhorst stattfand&#8230;.<\/p>\n\t\t\t\t\t\t<\/div><!-- .entry-summary -->\n\t\t\t\t\t<div class=\"wpsp-read-more\"><a title=\"Gru\u00dfendorf erringt 4x Gold bei der Kreismeisterschaft im Blasrohr\" class=\"wp-show-posts-read-more\" href=\"https:\/\/sch\u00fctzenverein-grussendorf.de\/?p=2565\">Weiterlesen<\/a><\/div><\/div><!-- wp-show-posts-inner --><div class=\"wpsp-clear\"><\/div><\/article><\/section><!-- .wp-show-posts --><div class=\"wpsp-load-more\"><span aria-current=\"page\" class=\"page-numbers current\">1<\/span>\n<a class=\"page-numbers\" href=\"https:\/\/sch\u00fctzenverein-grussendorf.de\/index.php\/?paged=2&#038;rest_route=%2Fwp%2Fv2%2Fpages%2F238\">2<\/a>\n<span class=\"page-numbers dots\">&hellip;<\/span>\n<a class=\"page-numbers\" href=\"https:\/\/sch\u00fctzenverein-grussendorf.de\/index.php\/?paged=23&#038;rest_route=%2Fwp%2Fv2%2Fpages%2F238\">23<\/a>\n<a class=\"next page-numbers\" href=\"https:\/\/sch\u00fctzenverein-grussendorf.de\/index.php\/?paged=2&#038;rest_route=%2Fwp%2Fv2%2Fpages%2F238\">N\u00e4chste &rarr;<\/a><\/div>\r\n","protected":false},"excerpt":{"rendered":"","protected":false},"author":1,"featured_media":0,"parent":0,"menu_order":0,"comment_status":"closed","ping_status":"closed","template":"sidebar-page.php","meta":{"footnotes":""},"class_list":["post-238","page","type-page","status-publish","hentry"],"_links":{"self":[{"href":"https:\/\/sch\u00fctzenverein-grussendorf.de\/index.php?rest_route=\/wp\/v2\/pages\/238","targetHints":{"allow":["GET"]}}],"collection":[{"href":"https:\/\/sch\u00fctzenverein-grussendorf.de\/index.php?rest_route=\/wp\/v2\/pages"}],"about":[{"href":"https:\/\/sch\u00fctzenverein-grussendorf.de\/index.php?rest_route=\/wp\/v2\/types\/page"}],"author":[{"embeddable":true,"href":"https:\/\/sch\u00fctzenverein-grussendorf.de\/index.php?rest_route=\/wp\/v2\/users\/1"}],"replies":[{"embeddable":true,"href":"https:\/\/sch\u00fctzenverein-grussendorf.de\/index.php?rest_route=%2Fwp%2Fv2%2Fcomments&post=238"}],"version-history":[{"count":4,"href":"https:\/\/sch\u00fctzenverein-grussendorf.de\/index.php?rest_route=\/wp\/v2\/pages\/238\/revisions"}],"predecessor-version":[{"id":488,"href":"https:\/\/sch\u00fctzenverein-grussendorf.de\/index.php?rest_route=\/wp\/v2\/pages\/238\/revisions\/488"}],"wp:attachment":[{"href":"https:\/\/sch\u00fctzenverein-grussendorf.de\/index.php?rest_route=%2Fwp%2Fv2%2Fmedia&parent=238"}],"curies":[{"name":"wp","href":"https:\/\/api.w.org\/{rel}","templated":true}]}}