{"id":215,"date":"2019-04-28T07:25:03","date_gmt":"2019-04-28T05:25:03","guid":{"rendered":"http:\/\/sch\u00fctzenverein-grussendorf.de\/?page_id=215"},"modified":"2023-05-05T21:38:07","modified_gmt":"2023-05-05T19:38:07","slug":"kinderschuetzenfest","status":"publish","type":"page","link":"https:\/\/sch\u00fctzenverein-grussendorf.de\/?page_id=215","title":{"rendered":"Kindersch\u00fctzenfest"},"content":{"rendered":"\r\n<p>Das <strong>Kindersch\u00fctzenfest <\/strong>ist jedes Jahr eines der Highlights des Gru\u00dfendorfer Sch\u00fctzenfestes. Der <strong>Freitagnachmittag <\/strong>ist dabei voll und ganz den Kindern gewidmet. So werden die Kinder zum Auftakt des Sch\u00fctzenfestes Freitagnachmittag vom Sch\u00fctzenverein am Dorfgemeinschaftshaus abgeholt und mit einem Umzug durch das Dorf wird gemeinsam auf das Festzelt einmarschiert. Dar\u00fcber hinaus organisiert der Festausschuss Spiele f\u00fcr die kleinen und gro\u00dfen Kinder und auch der Feuerwehr-Musikzug hat Kinderlieder im Repertoire.<\/p>\r\n\r\n\r\n\r\n<p>Den H\u00f6hepunkt bildet die <strong>Proklamation der neuen Kinderk\u00f6nige<\/strong>. Dies ist die feierliche Ernennung der neuen W\u00fcrdentr\u00e4ger auf dem Festzelt. Dies stellt f\u00fcr die Kinder, die es geschafft haben K\u00f6nig oder auch Begleiter des K\u00f6nigs zu werden immer einen besonderen Moment dar, an den viele sich Ihr Leben lang zur\u00fcck erinnern.<\/p>\r\n\r\n\r\n\r\n<p style=\"text-align: left;\">Dazu werden eine Woche vor dem Kindersch\u00fctzenfest die k\u00fcnftigen W\u00fcrdentr\u00e4ger im Wettkampf, dem Kinderk\u00f6nigsschie\u00dfen ermittelt. Teilnehmen k\u00f6nnen alle Kinder aus Gru\u00dfendorf und zwar unabh\u00e4ngig davon ob Mitglied im Sch\u00fctzenverein oder nicht. Und unsere Vereinsmitglieder d\u00fcrfen auch dann mitschie\u00dfen, selbst wenn sie nicht aus Gru\u00dfendorf kommen.<\/p>\r\n<p style=\"text-align: left;\">Es gibt eine Unterteilung in zwei Altersklassen:<\/p>\r\n\r\n\r\n\r\n<p><b>&#8222;Kleine&#8220; W\u00fcrdentr\u00e4ger (6-11 Jahre)<\/b><\/p>\r\n<ul>\r\n<li>Kleine Kinderk\u00f6nigin mit 1. und 2. Begleiterin<\/li>\r\n<li>Kleiner Kinderk\u00f6nig mit 1. und 2. Begleiter<\/li>\r\n<li>Scheibentr\u00e4ger\/in f\u00fcr die gro\u00dfen Kindermajest\u00e4ten<\/li>\r\n<\/ul>\r\n<p><br \/><b>&#8222;Gro\u00dfe&#8220; W\u00fcrdentr\u00e4ger (12-16 Jahre)<\/b><\/p>\r\n<ul>\r\n<li>Gro\u00dfe K\u00f6nigin oder Gro\u00dfer K\u00f6nig mit 1. und 2. Begleiter\/in<\/li>\r\n<li>Fahnentr\u00e4ger\/in mit 1. und 2. Begleiter\/in<\/li>\r\n<\/ul>\r\n\r\n\r\n\r\n<p>Nach der Proklamation auf dem Festzelt werden <strong>die gro\u00dfe K\u00f6nigin\/ der gro\u00dfe K\u00f6nig<\/strong> mit einem Festumzug vom Sch\u00fctzenverein nach Hause gebracht, wo die feierliche <strong>Anbringung der Sch\u00fctzenscheibe<\/strong> als Erinnerung an diesen einmaligen Tag erfolgt. In diesem Festumzug reihen sich die Kinderk\u00f6niginnen und Kinderk\u00f6nige mit Ihren Begleiter\/innen unter Aufsicht der Jugendbetreuer und des Festausschusses des Sch\u00fctzenvereins in den Umzug ein und marschieren unter der &#8222;Fahne der Kinder&#8220; mit.<\/p>\r\n\r\n\r\n\r\n<p><strong>Und was muss mal als Eltern einer Kindermajest\u00e4t alles beachten?<\/strong><br \/>&#8222;Ist das nicht aufw\u00e4ndig und kostet es nicht Unsummen, wenn mein Kind als gro\u00dfe Kinderk\u00f6nigin nach Hause gebracht wird und ich dort einen Umtrunk organisiere?&#8220; Diese Frage taucht immer wieder auf. Die Antwort lautet: &#8222;Nein&#8220;. Der Sch\u00fctzenverein steht den Familien mit Rat und Tat bzgl. der Organisation des Tages zur Seite, gibt eine kleine Checkliste an die Hand und auch eine finanzielle Unterst\u00fctzung gibt es Seitens des Vereins, so dass die finanziellen Kosten keine H\u00fcrde darstellen sollten.<br \/>Selbstverst\u00e4ndlich ist ein solcher Tag dennoch mit einem gewissen Aufwand f\u00fcr die Eltern verbunden. Daf\u00fcr ist es f\u00fcr die Kinder aber auch eine gro\u00dfartige Erfahrung f\u00fcr einen Tag &#8222;Majest\u00e4t&#8220; zu sein, die gr\u00fcn-wei\u00dfe Sch\u00e4rpe zu tragen und als Erinnerung eine sch\u00f6ne Ehrenscheibe am Haus h\u00e4ngen zu haben! Und die Erfahrung zeigt, dass Nachbarn und Freunde sehr gerne Ihre Unterst\u00fctzung anbieten, die Festzeltgarnituren aufzubauen und den S\u00fc\u00dfigkeitenstand zu betreuen. Im Nachhinein haben so auch alle Familien gesagt, dass der Aufwand viel geringer war als &#8222;bef\u00fcrchtet&#8220; und es sich wirklich gelohnt hat, einen solchen Tag mit seinen Kindern zu erleben. Zudem hatten auch alle Nachbarn, Freunde und Helfer gro\u00dfen Spa\u00df an der gemeinsamen Organisation und h\u00e4ufig haben sich so \u00fcber das Gemeinschaftserlebnis auch neue Freundschaften unter den Nachbarn gekn\u00fcpft.<\/p>\r\n\r\n\r\n\r\n<p>Wer noch weitere Fragen hat oder sich unsicher ist, was genau zu tun ist kann sich gerne \u00fcber das <a href=\"http:\/\/sch\u00fctzenverein-grussendorf.de\/?page_id=113\">Kontaktformular <\/a>an uns wenden<\/p>\r\n","protected":false},"excerpt":{"rendered":"<p>Das Kindersch\u00fctzenfest ist jedes Jahr eines der Highlights des Gru\u00dfendorfer Sch\u00fctzenfestes. Der Freitagnachmittag ist dabei voll und ganz den Kindern gewidmet. So werden die Kinder zum Auftakt des Sch\u00fctzenfestes Freitagnachmittag vom Sch\u00fctzenverein am Dorfgemeinschaftshaus abgeholt und mit einem Umzug durch &hellip; <a href=\"https:\/\/sch\u00fctzenverein-grussendorf.de\/?page_id=215\">Weiterlesen <span class=\"meta-nav\">&rarr;<\/span><\/a><\/p>\n","protected":false},"author":1,"featured_media":0,"parent":1060,"menu_order":2,"comment_status":"closed","ping_status":"closed","template":"sidebar-page.php","meta":{"footnotes":""},"class_list":["post-215","page","type-page","status-publish","hentry"],"_links":{"self":[{"href":"https:\/\/sch\u00fctzenverein-grussendorf.de\/index.php?rest_route=\/wp\/v2\/pages\/215","targetHints":{"allow":["GET"]}}],"collection":[{"href":"https:\/\/sch\u00fctzenverein-grussendorf.de\/index.php?rest_route=\/wp\/v2\/pages"}],"about":[{"href":"https:\/\/sch\u00fctzenverein-grussendorf.de\/index.php?rest_route=\/wp\/v2\/types\/page"}],"author":[{"embeddable":true,"href":"https:\/\/sch\u00fctzenverein-grussendorf.de\/index.php?rest_route=\/wp\/v2\/users\/1"}],"replies":[{"embeddable":true,"href":"https:\/\/sch\u00fctzenverein-grussendorf.de\/index.php?rest_route=%2Fwp%2Fv2%2Fcomments&post=215"}],"version-history":[{"count":10,"href":"https:\/\/sch\u00fctzenverein-grussendorf.de\/index.php?rest_route=\/wp\/v2\/pages\/215\/revisions"}],"predecessor-version":[{"id":1460,"href":"https:\/\/sch\u00fctzenverein-grussendorf.de\/index.php?rest_route=\/wp\/v2\/pages\/215\/revisions\/1460"}],"up":[{"embeddable":true,"href":"https:\/\/sch\u00fctzenverein-grussendorf.de\/index.php?rest_route=\/wp\/v2\/pages\/1060"}],"wp:attachment":[{"href":"https:\/\/sch\u00fctzenverein-grussendorf.de\/index.php?rest_route=%2Fwp%2Fv2%2Fmedia&parent=215"}],"curies":[{"name":"wp","href":"https:\/\/api.w.org\/{rel}","templated":true}]}}