{"id":187,"date":"2019-02-28T21:38:21","date_gmt":"2019-02-28T20:38:21","guid":{"rendered":"http:\/\/sch\u00fctzenverein-grussendorf.de\/?page_id=187"},"modified":"2025-06-27T22:49:09","modified_gmt":"2025-06-27T20:49:09","slug":"koenigin-der-schuetzendamen","status":"publish","type":"page","link":"https:\/\/sch\u00fctzenverein-grussendorf.de\/?page_id=187","title":{"rendered":"K\u00f6nigin der Sch\u00fctzendamen"},"content":{"rendered":"\r\n<p>Seit 1982 schie\u00dfen die Sch\u00fctzendamen <br \/>im Rahmen des K\u00f6nigsschie\u00dfens die K\u00f6nig der Sch\u00fctzendamen aus. Dies sind die bisherigen W\u00fcrdentr\u00e4gerinnen:<\/p>\r\n\r\n\r\n\r\n<p>1982 &#8211; Monika Rocholl<br \/>1983 &#8211; Ilona Tondel<br \/>1984 &#8211; Rosi Birnstengel<br \/>1985 &#8211; Karin Schulz<br \/>1986 &#8211; Gundula Jegenhorst<br \/>1987 &#8211; Evelin Roth<br \/>1988 &#8211; Rosi Birnstengel<br \/>1989 &#8211; Angelika Wuth<\/p>\r\n\r\n\r\n\r\n<p>1990 &#8211; Gundula Jegenhorst<br \/>1991 &#8211; Nora D\u00f6rge<br \/>1992 &#8211; Anne Deierling<br \/>1993 &#8211; Gisela Zorn<br \/>1994 &#8211; Monika Rocholl<br \/>1995 &#8211; Marianne Stephan<br \/>1996 &#8211; Uta Cordes<br \/>1997 &#8211; Olga Kutzler<br \/>1998 &#8211; Silvia Lindner<br \/>1999 &#8211; Beatrix Deierling<\/p>\r\n\r\n\r\n\r\n<p>2000 &#8211; Angelika Wuth<br \/>2001 &#8211; Nicole M\u00fcller<br \/>2002 &#8211; Gudrun K\u00f6hler<br \/>2003 &#8211; Petra Schillberg<br \/>2004 &#8211; Beatrix Deierling<br \/>2005 &#8211; Edda Cordes<br \/>2006 &#8211; Christel Wesemann<br \/>2007 &#8211; Michaela Odendahl<br \/>2008 &#8211; Elke Rebuschat<br \/>2009 &#8211; Tanja Soika<\/p>\r\n\r\n\r\n\r\n<p>2010 &#8211; Nora D\u00f6rge<br \/>2011 &#8211; Petra Schillberg<br \/>2012 &#8211; Beatrix Tepper<br \/>2013 &#8211; Corinna Cordes<br \/>2014 &#8211; Sylke Thomas <br \/>2015 &#8211; Tanja Soika<br \/>2016 &#8211; Sandy Puschmann<br \/>2017 &#8211; Sylke Thomas<br \/>2018 &#8211; Sylke Thomas<br \/>2019 &#8211; Kerstin Lemeter<\/p>\r\n\r\n\r\n\r\n<p>2020-2021 &#8211; Keine Majest\u00e4t<br \/>2022 &#8211; Uta Witt<br \/>2023 &#8211; Claudia Mellentin<br \/>2024 &#8211; Marion Kr\u00e4tzschmar<br \/>2025 &#8211; Christine Cordes<br \/><\/p>\r\n<p>2026 &#8211; ?<\/p>\r\n<p>&nbsp;<\/p>\r\n<p>&nbsp;<\/p>","protected":false},"excerpt":{"rendered":"<p>Seit 1982 schie\u00dfen die Sch\u00fctzendamen im Rahmen des K\u00f6nigsschie\u00dfens die K\u00f6nig der Sch\u00fctzendamen aus. Dies sind die bisherigen W\u00fcrdentr\u00e4gerinnen: 1982 &#8211; Monika Rocholl1983 &#8211; Ilona Tondel1984 &#8211; Rosi Birnstengel1985 &#8211; Karin Schulz1986 &#8211; Gundula Jegenhorst1987 &#8211; Evelin Roth1988 &#8211; Rosi &hellip; <a href=\"https:\/\/sch\u00fctzenverein-grussendorf.de\/?page_id=187\">Weiterlesen <span class=\"meta-nav\">&rarr;<\/span><\/a><\/p>\n","protected":false},"author":1,"featured_media":0,"parent":1060,"menu_order":4,"comment_status":"closed","ping_status":"closed","template":"sidebar-page.php","meta":{"footnotes":""},"class_list":["post-187","page","type-page","status-publish","hentry"],"_links":{"self":[{"href":"https:\/\/sch\u00fctzenverein-grussendorf.de\/index.php?rest_route=\/wp\/v2\/pages\/187","targetHints":{"allow":["GET"]}}],"collection":[{"href":"https:\/\/sch\u00fctzenverein-grussendorf.de\/index.php?rest_route=\/wp\/v2\/pages"}],"about":[{"href":"https:\/\/sch\u00fctzenverein-grussendorf.de\/index.php?rest_route=\/wp\/v2\/types\/page"}],"author":[{"embeddable":true,"href":"https:\/\/sch\u00fctzenverein-grussendorf.de\/index.php?rest_route=\/wp\/v2\/users\/1"}],"replies":[{"embeddable":true,"href":"https:\/\/sch\u00fctzenverein-grussendorf.de\/index.php?rest_route=%2Fwp%2Fv2%2Fcomments&post=187"}],"version-history":[{"count":12,"href":"https:\/\/sch\u00fctzenverein-grussendorf.de\/index.php?rest_route=\/wp\/v2\/pages\/187\/revisions"}],"predecessor-version":[{"id":2395,"href":"https:\/\/sch\u00fctzenverein-grussendorf.de\/index.php?rest_route=\/wp\/v2\/pages\/187\/revisions\/2395"}],"up":[{"embeddable":true,"href":"https:\/\/sch\u00fctzenverein-grussendorf.de\/index.php?rest_route=\/wp\/v2\/pages\/1060"}],"wp:attachment":[{"href":"https:\/\/sch\u00fctzenverein-grussendorf.de\/index.php?rest_route=%2Fwp%2Fv2%2Fmedia&parent=187"}],"curies":[{"name":"wp","href":"https:\/\/api.w.org\/{rel}","templated":true}]}}