{"id":1836,"date":"2024-03-26T14:30:20","date_gmt":"2024-03-26T13:30:20","guid":{"rendered":"https:\/\/sch\u00fctzenverein-grussendorf.de\/?page_id=1836"},"modified":"2024-10-04T11:05:47","modified_gmt":"2024-10-04T09:05:47","slug":"kinderschuetzen","status":"publish","type":"page","link":"https:\/\/sch\u00fctzenverein-grussendorf.de\/?page_id=1836","title":{"rendered":"Sch\u00fctzenkinder und Sch\u00fctzenjugend"},"content":{"rendered":"<h2>Sch\u00fctzenkinder<\/h2>\n<p>Die Sch\u00fctzenkinder sind unsere 6 &#8211; 11 j\u00e4hrigen. Mitglied bei den Sch\u00fctzenkindern kann man also ab dem 6. Geburtstag werden<\/p>\n<p>Hier bieten wir ein altersgerechtes Training in den Disziplinen Lichtpunktgewehr, Lichtpunktpistole und ab der notwendigen Reife auch Blasrohr an.<\/p>\n<p>Das Training ist dabei in 3 Phasen unterteilt. Die Einsteiger, die Lerngruppe und die Fortgeschrittenen, wobei alle Gruppen gleichzeitig trainieren und die \u00dcberg\u00e4nge zwischen den Gruppen auch flie\u00dfend sind.<\/p>\n<p>Die Einsteiger lernen zu Beginn die Grundlagen. Zum Beispiel , wie man &#8222;gucken muss&#8220; um richtig zu zielen, wie man das Sportger\u00e4t h\u00e4lt, welchen Einfluss die Atmung auf das Zielen hat. So k\u00f6nnen sehr schnell auch bereits erste Erfolge erzielt werden und die erste 10 macht die meisten richtig stolz.<\/p>\n<p>Nach der Einstiegsphase geht es in der Lerngruppe darum, das Erlernte zu festigen und im Training die Ergebnisse zu verbessern. Zum Beispiel die Abl\u00e4ufe in Teilen zu automatisieren, dass Trefferbild st\u00e4rker zu gruppieren und auch weitere Vokabeln rund um die Sportger\u00e4te zu lernen (Was ist der Schaft oder das Ringkorn). In dieser Phase fahren die Kinder auch bereits zu den ersten Turnieren (Kreiskinderk\u00f6nig, Rundenwettkampf Lichtpunkt) um sich mit anderen zu messen und auch mal die Atmosph\u00e4re auf einem anderen Schie\u00dfstand zu erleben.<\/p>\n<p>Bei den Fortgeschrittenen geht es dann darum, die Technik zu verbessern, selbst\u00e4ndig Fehler zu erkennen und zu korrigieren und auch die Einstellungen am Gewehr selbst\u00e4ndig vorzunehmen. Dar\u00fcber hinaus beginnt hier die Vorbereitung auf die Druckluftwaffen, die dann in der Sch\u00fctzenjugend ab 12 Jahren geschossen werden d\u00fcrfen.<\/p>\n<h2>Sch\u00fctzenjugend<\/h2>\n<p>Die Sch\u00fctzenjugend beginnt mit 12 Jahren<\/p>\n<p>Ab diesem Alter darf man in Deutschland mit Druckluftwaffen schie\u00dfen. Entsprechend erfolgt auch bei uns im Verein die Umstellung von Lichtpunkt auf Druckluft. Das Training orientiert sich stark auf das Schie\u00dfen und die richtige Technik. \u00dcbung macht hier den Meister!<\/p>\n<p>Dar\u00fcber hinaus k\u00f6nnen wir ein ganzheitliches Trainingsprogramm (Krafttraining, Ausdauer, Atemtechnik) mit den besonders ambitionierten Jugendlichen abstimmen &#8211; die Umsetzung erfordert dann auch eine gewisse Eigeninitiative der Jugendlichen au\u00dferhalb der regelm\u00e4\u00dfigen Trainingszeiten bei uns.<\/p>\n<p>Ab 14 Jahre darf die Sch\u00fctzenjugend auch mit Kleinkalibergewehren trainieren. Dies setzt den sicheren Umgang mit dem Luftgewehr voraus &#8211; ist also den fortgeschrittenen Jugendlichen vorbehalten.<\/p>\n<p>Der Sch\u00fctzenverein Gru\u00dfendorf steht auch mit dem Kreisverband und dem Nieders\u00e4chsischen Sch\u00fctzenverband im regelm\u00e4\u00dfigen Austausch. Wenn Jugendliche sich durch ein besonderes Talent auszeichnen, besteht die M\u00f6glichkeit, diese zu besonderen Trainingslehrg\u00e4ngen zu schicken oder zu einem Probetraining f\u00fcr das Kadertraining des Landesverbandes anzumelden. Wir hatten in der Vergangenheit bereits mehrere Jugendliche, die es geschafft hatten, sich zur Teilnahme an der Deutschen Meisterschaft zu qualifizieren.<\/p>\n<p>Der Start ist aber f\u00fcr alle auf dem Schie\u00dfstand in Gru\u00dfendorf.\u00a0Die aktuellen Trainingszeiten findet Ihr unter <a href=\"https:\/\/sch\u00fctzenverein-grussendorf.de\/?page_id=1585\">Sport- und Freizeitangebot\u00a0<\/a>und <a href=\"https:\/\/xn--schtzenverein-grussendorf-hwc.de\/wp-content\/uploads\/2024\/10\/dsj_einverstandniserklarung.pdf\">hier findet Ihr das Formular<\/a> zum Download, mit dem die Eltern best\u00e4tigen k\u00f6nnen, dass die Kinder und Jugendlichen auch allein am Schie\u00dfsport teilnehmen d\u00fcrfen.<\/p>\n<p>Neben dem w\u00f6chentlichen Training geh\u00f6ren zu unseren Aktivit\u00e4ten verschiedene Pokalschie\u00dfen, eine Oster-, Sommer- und Weihnachtsfeier sowie die Teilnahme an Sch\u00fctzenfesten und Kindersch\u00fctzenveranstaltungen im gesamten Landkreis Gifhorn.<\/p>\n\n\t\t<style type=\"text\/css\">\n\t\t\t#gallery-1 {\n\t\t\t\tmargin: auto;\n\t\t\t}\n\t\t\t#gallery-1 .gallery-item {\n\t\t\t\tfloat: left;\n\t\t\t\tmargin-top: 10px;\n\t\t\t\ttext-align: center;\n\t\t\t\twidth: 33%;\n\t\t\t}\n\t\t\t#gallery-1 img {\n\t\t\t\tborder: 2px solid #cfcfcf;\n\t\t\t}\n\t\t\t#gallery-1 .gallery-caption {\n\t\t\t\tmargin-left: 0;\n\t\t\t}\n\t\t\t\/* see gallery_shortcode() in wp-includes\/media.php *\/\n\t\t<\/style>\n\t\t<div id='gallery-1' class='gallery galleryid-1836 gallery-columns-3 gallery-size-thumbnail'><dl class='gallery-item'>\n\t\t\t<dt class='gallery-icon landscape'>\n\t\t\t\t<a href='https:\/\/sch\u00fctzenverein-grussendorf.de\/?attachment_id=1764'><img loading=\"lazy\" decoding=\"async\" width=\"150\" height=\"150\" src=\"https:\/\/xn--schtzenverein-grussendorf-hwc.de\/wp-content\/uploads\/2024\/02\/PXL_20240203_141731495-150x150.jpg\" class=\"attachment-thumbnail size-thumbnail\" alt=\"\" aria-describedby=\"gallery-1-1764\" \/><\/a>\n\t\t\t<\/dt>\n\t\t\t\t<dd class='wp-caption-text gallery-caption' id='gallery-1-1764'>\n\t\t\t\t2024 Kreiskinderk\u00f6nigsschiessen in Calberlah\n\t\t\t\t<\/dd><\/dl><dl class='gallery-item'>\n\t\t\t<dt class='gallery-icon landscape'>\n\t\t\t\t<a href='https:\/\/sch\u00fctzenverein-grussendorf.de\/?attachment_id=1718'><img loading=\"lazy\" decoding=\"async\" width=\"150\" height=\"150\" src=\"https:\/\/xn--schtzenverein-grussendorf-hwc.de\/wp-content\/uploads\/2024\/01\/PXL_20231215_170417660-150x150.jpg\" class=\"attachment-thumbnail size-thumbnail\" alt=\"\" aria-describedby=\"gallery-1-1718\" \/><\/a>\n\t\t\t<\/dt>\n\t\t\t\t<dd class='wp-caption-text gallery-caption' id='gallery-1-1718'>\n\t\t\t\tWeihnachtsfeier 2023\n\t\t\t\t<\/dd><\/dl><dl class='gallery-item'>\n\t\t\t<dt class='gallery-icon landscape'>\n\t\t\t\t<a href='https:\/\/sch\u00fctzenverein-grussendorf.de\/?attachment_id=1575'><img loading=\"lazy\" decoding=\"async\" width=\"150\" height=\"150\" src=\"https:\/\/xn--schtzenverein-grussendorf-hwc.de\/wp-content\/uploads\/2023\/10\/PXL_20231014_103734295.MP-Kopie-150x150.jpg\" class=\"attachment-thumbnail size-thumbnail\" alt=\"\" aria-describedby=\"gallery-1-1575\" \/><\/a>\n\t\t\t<\/dt>\n\t\t\t\t<dd class='wp-caption-text gallery-caption' id='gallery-1-1575'>\n\t\t\t\tBlasrohrturnier 2023 in Grafenhorst\n\t\t\t\t<\/dd><\/dl><br style=\"clear: both\" \/><dl class='gallery-item'>\n\t\t\t<dt class='gallery-icon landscape'>\n\t\t\t\t<a href='https:\/\/sch\u00fctzenverein-grussendorf.de\/?attachment_id=1582'><img loading=\"lazy\" decoding=\"async\" width=\"150\" height=\"150\" src=\"https:\/\/xn--schtzenverein-grussendorf-hwc.de\/wp-content\/uploads\/2023\/10\/20231014_114220-Kopie-150x150.jpg\" class=\"attachment-thumbnail size-thumbnail\" alt=\"\" aria-describedby=\"gallery-1-1582\" \/><\/a>\n\t\t\t<\/dt>\n\t\t\t\t<dd class='wp-caption-text gallery-caption' id='gallery-1-1582'>\n\t\t\t\tBlasrohrturnier 2023 in Grafenhorst\n\t\t\t\t<\/dd><\/dl><dl class='gallery-item'>\n\t\t\t<dt class='gallery-icon landscape'>\n\t\t\t\t<a href='https:\/\/sch\u00fctzenverein-grussendorf.de\/?attachment_id=1433'><img loading=\"lazy\" decoding=\"async\" width=\"150\" height=\"150\" src=\"https:\/\/xn--schtzenverein-grussendorf-hwc.de\/wp-content\/uploads\/2023\/04\/IMG_4397-Kopie-150x150.jpg\" class=\"attachment-thumbnail size-thumbnail\" alt=\"\" aria-describedby=\"gallery-1-1433\" \/><\/a>\n\t\t\t<\/dt>\n\t\t\t\t<dd class='wp-caption-text gallery-caption' id='gallery-1-1433'>\n\t\t\t\tOstereierschiessen 2023\n\t\t\t\t<\/dd><\/dl>\n\t\t\t<br style='clear: both' \/>\n\t\t<\/div>\n\n<p>&nbsp;<\/p>\n","protected":false},"excerpt":{"rendered":"<p>Sch\u00fctzenkinder Die Sch\u00fctzenkinder sind unsere 6 &#8211; 11 j\u00e4hrigen. Mitglied bei den Sch\u00fctzenkindern kann man also ab dem 6. Geburtstag werden Hier bieten wir ein altersgerechtes Training in den Disziplinen Lichtpunktgewehr, Lichtpunktpistole und ab der notwendigen Reife auch Blasrohr an. &hellip; <a href=\"https:\/\/sch\u00fctzenverein-grussendorf.de\/?page_id=1836\">Weiterlesen <span class=\"meta-nav\">&rarr;<\/span><\/a><\/p>\n","protected":false},"author":1,"featured_media":0,"parent":1640,"menu_order":0,"comment_status":"closed","ping_status":"closed","template":"","meta":{"footnotes":""},"class_list":["post-1836","page","type-page","status-publish","hentry"],"_links":{"self":[{"href":"https:\/\/sch\u00fctzenverein-grussendorf.de\/index.php?rest_route=\/wp\/v2\/pages\/1836","targetHints":{"allow":["GET"]}}],"collection":[{"href":"https:\/\/sch\u00fctzenverein-grussendorf.de\/index.php?rest_route=\/wp\/v2\/pages"}],"about":[{"href":"https:\/\/sch\u00fctzenverein-grussendorf.de\/index.php?rest_route=\/wp\/v2\/types\/page"}],"author":[{"embeddable":true,"href":"https:\/\/sch\u00fctzenverein-grussendorf.de\/index.php?rest_route=\/wp\/v2\/users\/1"}],"replies":[{"embeddable":true,"href":"https:\/\/sch\u00fctzenverein-grussendorf.de\/index.php?rest_route=%2Fwp%2Fv2%2Fcomments&post=1836"}],"version-history":[{"count":8,"href":"https:\/\/sch\u00fctzenverein-grussendorf.de\/index.php?rest_route=\/wp\/v2\/pages\/1836\/revisions"}],"predecessor-version":[{"id":2091,"href":"https:\/\/sch\u00fctzenverein-grussendorf.de\/index.php?rest_route=\/wp\/v2\/pages\/1836\/revisions\/2091"}],"up":[{"embeddable":true,"href":"https:\/\/sch\u00fctzenverein-grussendorf.de\/index.php?rest_route=\/wp\/v2\/pages\/1640"}],"wp:attachment":[{"href":"https:\/\/sch\u00fctzenverein-grussendorf.de\/index.php?rest_route=%2Fwp%2Fv2%2Fmedia&parent=1836"}],"curies":[{"name":"wp","href":"https:\/\/api.w.org\/{rel}","templated":true}]}}