{"id":17,"date":"2019-01-19T09:36:50","date_gmt":"2019-01-19T09:36:50","guid":{"rendered":"http:\/\/xn--schtzenverein-grussendorf-hwc.de\/?page_id=17"},"modified":"2025-12-26T16:45:02","modified_gmt":"2025-12-26T15:45:02","slug":"koenigshaeuser","status":"publish","type":"page","link":"https:\/\/sch\u00fctzenverein-grussendorf.de\/?page_id=17","title":{"rendered":"K\u00f6nigsh\u00e4user"},"content":{"rendered":"\r\n<p>Bereits seit 1921 wird j\u00e4hrlich, mit Ausnahme der Jahre 1940 &#8211; 1947 und 2020\/21, um die K\u00f6nigsw\u00fcrde geschossen. Das K\u00f6nigsschie\u00dfen hat also eine lange Tradition und diese Tradition wird jedes Jahr aufs Neue aufgegriffen und fortgef\u00fchrt. <br \/>Eine Woche vor dem Sch\u00fctzenfest treffen sich die Sch\u00fctzen am Dorfplatz. Von dort wird zum amtierenden K\u00f6nig marschiert um ihn abzuholen und gemeinsam zum Sch\u00fctzenheim weiter zu marschieren. Dort wird ausgeschossen, wer eine Woche sp\u00e4ter auf dem Sch\u00fctzenfest die Ehre hat Jugendk\u00f6nig oder Prinzessin, Fahnentr\u00e4ger, K\u00f6nig der Ex-K\u00f6nige, <a href=\"http:\/\/sch\u00fctzenverein-grussendorf.de\/?page_id=187\">K\u00f6nigin der Sch\u00fctzendamen<\/a> oder Sch\u00fctzenk\u00f6nig \/ Sch\u00fctzenk\u00f6nigin zu werden.<\/p>\r\n\r\n\r\n\r\n<p>\u00dcbrigens wurde bereits vor einigen Jahren die alte Tradition aufgebrochen, dass nur die Sch\u00fctzen die M\u00f6glichkeit haben, das K\u00f6nigshaus des Sch\u00fctzenvereins zu stellen. Im Jahr 2019 war es dann soweit, dass mit Veronika Peter-Littau erstmalig eine Frau als K\u00f6nigin das K\u00f6nigshaus f\u00fcr ein Jahr anf\u00fchrt. Ob dies nur der Startschuss einer Reihe von K\u00f6niginnen war wird die Zukunft zeigen. Man darf gespannt sein.<\/p>\r\n\r\n\r\n\r\n<p>Hier sind die Majest\u00e4ten seit Gr\u00fcndung des Sch\u00fctzenvereins aufgef\u00fchrt:<\/p>\r\n\r\n\r\n\r\n<div class=\"wp-block-image is-style-default\">\r\n<figure class=\"alignright size-large is-resized\">\r\n<div id=\"attachment_883\" style=\"width: 390px\" class=\"wp-caption alignnone\"><img loading=\"lazy\" decoding=\"async\" aria-describedby=\"caption-attachment-883\" class=\"wp-image-883\" src=\"https:\/\/xn--schtzenverein-grussendorf-hwc.de\/wp-content\/uploads\/2022\/01\/Scheibe1924-1024x755.jpg\" alt=\"\" width=\"380\" height=\"280\" srcset=\"https:\/\/xn--schtzenverein-grussendorf-hwc.de\/wp-content\/uploads\/2022\/01\/Scheibe1924-1024x755.jpg 1024w, https:\/\/xn--schtzenverein-grussendorf-hwc.de\/wp-content\/uploads\/2022\/01\/Scheibe1924-300x221.jpg 300w, https:\/\/xn--schtzenverein-grussendorf-hwc.de\/wp-content\/uploads\/2022\/01\/Scheibe1924-768x567.jpg 768w, https:\/\/xn--schtzenverein-grussendorf-hwc.de\/wp-content\/uploads\/2022\/01\/Scheibe1924-1536x1133.jpg 1536w, https:\/\/xn--schtzenverein-grussendorf-hwc.de\/wp-content\/uploads\/2022\/01\/Scheibe1924-2048x1511.jpg 2048w, https:\/\/xn--schtzenverein-grussendorf-hwc.de\/wp-content\/uploads\/2022\/01\/Scheibe1924-407x300.jpg 407w\" sizes=\"auto, (max-width: 380px) 100vw, 380px\" \/><p id=\"caption-attachment-883\" class=\"wp-caption-text\">K\u00f6nigsscheibe 1924<\/p><\/div>\r\n<\/figure>\r\n<\/div>\r\n\r\n\r\n\r\n<p class=\"has-text-align-left\">1921 &#8211; Hermann Bartels<br \/>1922 &#8211; K. B\u00f6se<br \/>1923 &#8211; Heinrich Henneicke<br \/>1924 &#8211; Heinrich Henneicke<\/p>\r\n\r\n\r\n\r\n<p class=\"has-text-align-left\"><br \/>1925 &#8211; Max Rendchen<br \/>1926 &#8211; Franz Rendchen<br \/>1927 &#8211; August J\u00e4ger<br \/>1928 &#8211; Willi Salig<br \/>1929 &#8211; Heinrich Burgdorf<\/p>\r\n\r\n\r\n<hr class=\"wp-block-separator\" \/>\r\n\r\n\r\n<div id=\"attachment_1537\" style=\"width: 360px\" class=\"wp-caption alignright\"><a href=\"http:\/\/xn--schtzenverein-grussendorf-hwc.de\/wp-content\/uploads\/2023\/09\/1934_Grasshoff.png\"><img loading=\"lazy\" decoding=\"async\" aria-describedby=\"caption-attachment-1537\" class=\"wp-image-1537 \" src=\"http:\/\/xn--schtzenverein-grussendorf-hwc.de\/wp-content\/uploads\/2023\/09\/1934_Grasshoff-300x188.png\" alt=\"\" width=\"350\" height=\"223\" \/><\/a><p id=\"caption-attachment-1537\" class=\"wp-caption-text\">K\u00f6nigshaus Ende der 40er, Anfang der 50er Jahre. Der K\u00f6nig, getragen u.a. von Willi Twete, Otto Bojara und Gerd Poweleit<\/p><\/div>\r\n<p>1930 &#8211; Otto Peter<br \/>1931 &#8211; Julius Jedziny<br \/>1932 &#8211; Johann Muhs<br \/>1933 &#8211; Heinrich Salig<br \/>1934 &#8211; Willi Grasshoff<br \/>1935 &#8211; Adolf Redecker<br \/>1936 &#8211; Heinrich Wa\u00dfmann<br \/>1937 &#8211; Heinrich Gru\u00df<br \/>1938 &#8211; Heinrich Gru\u00df<br \/>1939 &#8211; kein K\u00f6nig<\/p>\r\n\r\n\r\n\r\n<div class=\"wp-block-image is-style-rounded\">\r\n<figure class=\"alignright size-large is-resized\">\r\n<div id=\"attachment_881\" style=\"width: 390px\" class=\"wp-caption alignnone\"><img loading=\"lazy\" decoding=\"async\" aria-describedby=\"caption-attachment-881\" class=\"wp-image-881\" src=\"https:\/\/xn--schtzenverein-grussendorf-hwc.de\/wp-content\/uploads\/2022\/01\/Scheibe1949-1024x930.jpg\" alt=\"\" width=\"380\" height=\"345\" srcset=\"https:\/\/xn--schtzenverein-grussendorf-hwc.de\/wp-content\/uploads\/2022\/01\/Scheibe1949-1024x930.jpg 1024w, https:\/\/xn--schtzenverein-grussendorf-hwc.de\/wp-content\/uploads\/2022\/01\/Scheibe1949-300x273.jpg 300w, https:\/\/xn--schtzenverein-grussendorf-hwc.de\/wp-content\/uploads\/2022\/01\/Scheibe1949-768x698.jpg 768w, https:\/\/xn--schtzenverein-grussendorf-hwc.de\/wp-content\/uploads\/2022\/01\/Scheibe1949-1536x1395.jpg 1536w, https:\/\/xn--schtzenverein-grussendorf-hwc.de\/wp-content\/uploads\/2022\/01\/Scheibe1949-2048x1861.jpg 2048w, https:\/\/xn--schtzenverein-grussendorf-hwc.de\/wp-content\/uploads\/2022\/01\/Scheibe1949-330x300.jpg 330w\" sizes=\"auto, (max-width: 380px) 100vw, 380px\" \/><p id=\"caption-attachment-881\" class=\"wp-caption-text\">K\u00f6nigsscheibe 1949<\/p><\/div>\r\n<\/figure>\r\n<\/div>\r\n\r\n\r\n<hr class=\"wp-block-separator\" \/>\r\n\r\n\r\n<p class=\"has-text-align-left\">1940-1947 &#8211; kein K\u00f6nig <br \/>1948 &#8211; Friedrich Wa\u00dfmann<br \/>1949 &#8211; August B\u00e4te<\/p>\r\n\r\n\r\n<hr class=\"wp-block-separator\" \/>\r\n\r\n\r\n<p class=\"has-text-align-left\">1950 &#8211; Wilhelm Schulze<br \/>1951 &#8211; Wilhem Schulze<br \/>1952 &#8211; Friedrich Lohrengel<br \/>1953 &#8211; Fritz Schulz <br \/>1954 &#8211; Heinrich Deierling<br \/>1955 &#8211; Kurt Klose<br \/>1956 &#8211; Georg Bojarra<br \/>1957 &#8211; Rudolf Herzog<br \/>1958 &#8211; Richard Kemnitz<br \/>1959 &#8211; Helmut Twete<\/p>\r\n\r\n\r\n<hr class=\"wp-block-separator\" \/>\r\n\r\n\r\n<p class=\"has-text-align-left\">1960 &#8211; Willi Muhs<br \/>1961 &#8211; Werner Wiese<br \/>1962 &#8211; Otto Lehnert<br \/>1963 &#8211; Oswald Lausch<br \/>1964 &#8211; Gerhard Poweleit<br \/>1965 &#8211; Herbert Rendchen<br \/>1966 &#8211; Otto Beinhorn<br \/>1967 &#8211; Otto Lindemann<br \/>1968 &#8211; Heinrich Dierks<br \/>1969 &#8211; Alfred Gruhs<\/p>\r\n\r\n\r\n<hr class=\"wp-block-separator\" \/>\r\n\r\n\r\n<p class=\"has-text-align-left\">1970 &#8211; Otto Stahnke<br \/>1971 &#8211; Walter Henze<br \/>1972 &#8211; Friedrich Wa\u00dfmann<br \/>1973 &#8211; Friedrich Cordes<br \/>1974 &#8211; Manfred Cordes<br \/>1975 &#8211; Wilhelm Lindemann<br \/>1976 &#8211; Willi D\u00f6rheit<br \/>1977 &#8211; J\u00fcrgen V\u00f6lkers<br \/>1978 &#8211; Otto Luer<br \/>1979 &#8211; Wilfried Diers<\/p>\r\n\r\n\r\n<hr class=\"wp-block-separator\" \/>\r\n\r\n\r\n<div id=\"attachment_1250\" style=\"width: 390px\" class=\"wp-caption alignright\"><img loading=\"lazy\" decoding=\"async\" aria-describedby=\"caption-attachment-1250\" class=\"wp-image-1250\" src=\"http:\/\/xn--schtzenverein-grussendorf-hwc.de\/wp-content\/uploads\/2022\/10\/img237-Kopie-1024x754.jpg\" alt=\"\" width=\"380\" height=\"280\" srcset=\"https:\/\/xn--schtzenverein-grussendorf-hwc.de\/wp-content\/uploads\/2022\/10\/img237-Kopie-1024x754.jpg 1024w, https:\/\/xn--schtzenverein-grussendorf-hwc.de\/wp-content\/uploads\/2022\/10\/img237-Kopie-300x221.jpg 300w, https:\/\/xn--schtzenverein-grussendorf-hwc.de\/wp-content\/uploads\/2022\/10\/img237-Kopie-768x565.jpg 768w, https:\/\/xn--schtzenverein-grussendorf-hwc.de\/wp-content\/uploads\/2022\/10\/img237-Kopie-408x300.jpg 408w, https:\/\/xn--schtzenverein-grussendorf-hwc.de\/wp-content\/uploads\/2022\/10\/img237-Kopie.jpg 1428w\" sizes=\"auto, (max-width: 380px) 100vw, 380px\" \/><p id=\"caption-attachment-1250\" class=\"wp-caption-text\">K\u00f6nigshaus 1983<\/p><\/div>\r\n<p class=\"has-text-align-left\">1980 &#8211; Hans Rost<br \/>1981 &#8211; Hugo Zorn<br \/>1982 &#8211; Ewald Tondel<br \/>1983 &#8211; Fritz Kr\u00f6ger<br \/>1984 &#8211; Horst Deierling<br \/>1985 &#8211; Hans J\u00fcrgen Schulze<br \/>1986 &#8211; Leonhard K\u00f6gel<br \/>1987 &#8211; Gerhard Poweleit<br \/>1988 &#8211; Siegfried Suckut<br \/>1989 &#8211; Rudi Frenzel<\/p>\r\n\r\n\r\n<hr class=\"wp-block-separator\" \/>\r\n\r\n\r\n<p class=\"has-text-align-left\">1990 &#8211; Erwin Albrecht<br \/>1991 &#8211; Karl Heinz Elsner<br \/>1992 &#8211; G\u00fcnter Komorowski<br \/>1993 &#8211; Wilfried Jost<br \/>1994 &#8211; G\u00fcnter Deierling<br \/>1995 &#8211; Wieland M\u00e4lzer<br \/>1996 &#8211; Dieter Tepper<br \/>1997 &#8211; Reinhold Roth<br \/>1998 &#8211; Wilfried K\u00f6hler<br \/>1999 &#8211; Peter Schillberg<\/p>\r\n\r\n\r\n<hr class=\"wp-block-separator\" \/>\r\n\r\n\r\n<p class=\"has-text-align-left\">2000 &#8211; Hartmut Rebuschat<br \/>2001 &#8211; Wolfgang Wuth<br \/>2002 &#8211; Hartmut Cordes<br \/>2003 &#8211; Carlo Berkefeld<br \/>2004 &#8211; Marco Knoll, &#8222;Der vielseitige Senkrechtstarter&#8220;<br \/>2005 &#8211; Heinz Uwe Deierling<br \/>2006 &#8211; J\u00fcrgen Lau <br \/>2007 &#8211; Stefan B\u00fcggener<br \/>2008 &#8211; Peter Schillberg<br \/>2009 &#8211; Peter Klopp<\/p>\r\n\r\n\r\n<hr class=\"wp-block-separator\" \/>\r\n\r\n\r\n<p style=\"text-align: left;\">2010 &#8211; Ralf Tepper<br \/>2011 &#8211; Greg Graniero<br \/>2012 &#8211; Patrick Witt<br \/>2013 &#8211; Pascal Puschmann<br \/>2014 &#8211; Wolfgang Hieke<br \/>2015 &#8211; Klaus Wrede<br \/>2016 &#8211; Klaus D\u00f6rge<br \/>2017 &#8211; Marc Jablonski<br \/>2018 &#8211; Florian Klaproth<br \/>2019 &#8211; Veronika Peter-Littau<\/p>\r\n<p class=\"has-text-align-left\">\r\n\r\n<\/p>\r\n<hr class=\"wp-block-separator\" \/>\r\n<p class=\"has-text-align-left\">\r\n\r\n<\/p>\r\n<p style=\"text-align: left;\">2020-2021 &#8211; Keine Majest\u00e4t<br \/>2022 &#8211; Markus Knobloch, &#8222;Das kultige Multitalent&#8220;<br \/>2023 &#8211; Uwe M\u00fcller, &#8222;Uns Uwe&#8220;<br \/>2024 &#8211; Manuela Eib, &#8222;Die gemeinn\u00fctzige Gartenfee&#8220;<br \/>2025 &#8211; Thomas Mellentin, &#8222;Meister aller Klassen&#8220;<\/p>\r\n<p>Die 100. Majest\u00e4t wird im Jahr 2031 ausgeschossen!<\/p>\r\n<p>&nbsp;<\/p>\r\n<p class=\"has-text-align-left\"><\/p>","protected":false},"excerpt":{"rendered":"<p>Bereits seit 1921 wird j\u00e4hrlich, mit Ausnahme der Jahre 1940 &#8211; 1947 und 2020\/21, um die K\u00f6nigsw\u00fcrde geschossen. Das K\u00f6nigsschie\u00dfen hat also eine lange Tradition und diese Tradition wird jedes Jahr aufs Neue aufgegriffen und fortgef\u00fchrt. Eine Woche vor dem &hellip; <a href=\"https:\/\/sch\u00fctzenverein-grussendorf.de\/?page_id=17\">Weiterlesen <span class=\"meta-nav\">&rarr;<\/span><\/a><\/p>\n","protected":false},"author":1,"featured_media":0,"parent":1060,"menu_order":3,"comment_status":"closed","ping_status":"closed","template":"sidebar-page.php","meta":{"footnotes":""},"class_list":["post-17","page","type-page","status-publish","hentry"],"_links":{"self":[{"href":"https:\/\/sch\u00fctzenverein-grussendorf.de\/index.php?rest_route=\/wp\/v2\/pages\/17","targetHints":{"allow":["GET"]}}],"collection":[{"href":"https:\/\/sch\u00fctzenverein-grussendorf.de\/index.php?rest_route=\/wp\/v2\/pages"}],"about":[{"href":"https:\/\/sch\u00fctzenverein-grussendorf.de\/index.php?rest_route=\/wp\/v2\/types\/page"}],"author":[{"embeddable":true,"href":"https:\/\/sch\u00fctzenverein-grussendorf.de\/index.php?rest_route=\/wp\/v2\/users\/1"}],"replies":[{"embeddable":true,"href":"https:\/\/sch\u00fctzenverein-grussendorf.de\/index.php?rest_route=%2Fwp%2Fv2%2Fcomments&post=17"}],"version-history":[{"count":28,"href":"https:\/\/sch\u00fctzenverein-grussendorf.de\/index.php?rest_route=\/wp\/v2\/pages\/17\/revisions"}],"predecessor-version":[{"id":2527,"href":"https:\/\/sch\u00fctzenverein-grussendorf.de\/index.php?rest_route=\/wp\/v2\/pages\/17\/revisions\/2527"}],"up":[{"embeddable":true,"href":"https:\/\/sch\u00fctzenverein-grussendorf.de\/index.php?rest_route=\/wp\/v2\/pages\/1060"}],"wp:attachment":[{"href":"https:\/\/sch\u00fctzenverein-grussendorf.de\/index.php?rest_route=%2Fwp%2Fv2%2Fmedia&parent=17"}],"curies":[{"name":"wp","href":"https:\/\/api.w.org\/{rel}","templated":true}]}}