{"id":1640,"date":"2023-11-02T13:33:23","date_gmt":"2023-11-02T12:33:23","guid":{"rendered":"https:\/\/sch\u00fctzenverein-grussendorf.de\/?page_id=1640"},"modified":"2024-03-27T14:06:25","modified_gmt":"2024-03-27T13:06:25","slug":"kinder-und-jugendschuetzen","status":"publish","type":"page","link":"https:\/\/sch\u00fctzenverein-grussendorf.de\/?page_id=1640","title":{"rendered":"Kinder und Jugend"},"content":{"rendered":"<p>Die Kinder, Jugendlichen und jungen Erwachsenen des Sch\u00fctzenvereins sind in drei Gruppen unterteilt.<br \/>\n\u00dcbergeordnet ist der sportliche Bereich. Dort gibt es die <strong><a href=\"https:\/\/sch\u00fctzenverein-grussendorf.de\/?page_id=1836\">Sch\u00fctzenkinder<\/a> <\/strong>im Alter von 6 &#8211; 11 Jahren und die <strong>Sch\u00fctzenjugend<\/strong>(12 bis 20 Jahre). Mit 21 Jahren erfolgt im Deutschen Sch\u00fctzenbund der Wechsel in den Seniorenbereich.<\/p>\n<p><a href=\"https:\/\/xn--schtzenverein-grussendorf-hwc.de\/wp-content\/uploads\/2024\/03\/Schuetzenverein-ein-Leben-lang.png\"><img loading=\"lazy\" decoding=\"async\" class=\"aligncenter size-large wp-image-1844\" src=\"https:\/\/xn--schtzenverein-grussendorf-hwc.de\/wp-content\/uploads\/2024\/03\/Schuetzenverein-ein-Leben-lang-1024x583.png\" alt=\"\" width=\"584\" height=\"332\" srcset=\"https:\/\/xn--schtzenverein-grussendorf-hwc.de\/wp-content\/uploads\/2024\/03\/Schuetzenverein-ein-Leben-lang-1024x583.png 1024w, https:\/\/xn--schtzenverein-grussendorf-hwc.de\/wp-content\/uploads\/2024\/03\/Schuetzenverein-ein-Leben-lang-300x171.png 300w, https:\/\/xn--schtzenverein-grussendorf-hwc.de\/wp-content\/uploads\/2024\/03\/Schuetzenverein-ein-Leben-lang-768x437.png 768w, https:\/\/xn--schtzenverein-grussendorf-hwc.de\/wp-content\/uploads\/2024\/03\/Schuetzenverein-ein-Leben-lang-500x284.png 500w, https:\/\/xn--schtzenverein-grussendorf-hwc.de\/wp-content\/uploads\/2024\/03\/Schuetzenverein-ein-Leben-lang.png 1095w\" sizes=\"auto, (max-width: 584px) 100vw, 584px\" \/><\/a><\/p>\n<p>Parallel dazu haben wir im Freizeitbereich die <a href=\"https:\/\/sch\u00fctzenverein-grussendorf.de\/?page_id=1627\"><strong>Junge Gesellschaft<\/strong><\/a>, die es sich zur Aufgabe gemacht haben, die Jugend in den Ort zu integrieren und bei vielen Veranstaltungen (auch au\u00dferhalb des Sch\u00fctzenvereins) unterst\u00fctzen oder selbst als Veranstalter aktiv sind. In der jungen Gesellschaft k\u00f6nnen alle Jugendlichen von 16 &#8211; 29 Jahren teilnehmen.<\/p>\n<p>Die Gruppen sind untereinander nicht abgegrenzt! Im Gegenteil f\u00f6rdern wir es, dass die Jugendlichen sich ausprobieren k\u00f6nnen und auch in mehreren Bereichen aktiv sind. Zum Beispiel mit 16 Jahren bei den Jungsch\u00fctzen und der Jungen Gesellschaft oder mit 25 Jahren bei den Sch\u00fctzendamen, dem <a href=\"https:\/\/sch\u00fctzenverein-grussendorf.de\/?page_id=860\">Dartsport<\/a> und der Jungen Gesellschaft. Einen Zwang gibt es nicht &#8211; aber die M\u00f6glichkeit!<\/p>\n","protected":false},"excerpt":{"rendered":"<p>Die Kinder, Jugendlichen und jungen Erwachsenen des Sch\u00fctzenvereins sind in drei Gruppen unterteilt. \u00dcbergeordnet ist der sportliche Bereich. Dort gibt es die Sch\u00fctzenkinder im Alter von 6 &#8211; 11 Jahren und die Sch\u00fctzenjugend(12 bis 20 Jahre). Mit 21 Jahren erfolgt &hellip; <a href=\"https:\/\/sch\u00fctzenverein-grussendorf.de\/?page_id=1640\">Weiterlesen <span class=\"meta-nav\">&rarr;<\/span><\/a><\/p>\n","protected":false},"author":1,"featured_media":0,"parent":0,"menu_order":1,"comment_status":"closed","ping_status":"closed","template":"sidebar-page.php","meta":{"footnotes":""},"class_list":["post-1640","page","type-page","status-publish","hentry"],"_links":{"self":[{"href":"https:\/\/sch\u00fctzenverein-grussendorf.de\/index.php?rest_route=\/wp\/v2\/pages\/1640","targetHints":{"allow":["GET"]}}],"collection":[{"href":"https:\/\/sch\u00fctzenverein-grussendorf.de\/index.php?rest_route=\/wp\/v2\/pages"}],"about":[{"href":"https:\/\/sch\u00fctzenverein-grussendorf.de\/index.php?rest_route=\/wp\/v2\/types\/page"}],"author":[{"embeddable":true,"href":"https:\/\/sch\u00fctzenverein-grussendorf.de\/index.php?rest_route=\/wp\/v2\/users\/1"}],"replies":[{"embeddable":true,"href":"https:\/\/sch\u00fctzenverein-grussendorf.de\/index.php?rest_route=%2Fwp%2Fv2%2Fcomments&post=1640"}],"version-history":[{"count":5,"href":"https:\/\/sch\u00fctzenverein-grussendorf.de\/index.php?rest_route=\/wp\/v2\/pages\/1640\/revisions"}],"predecessor-version":[{"id":1851,"href":"https:\/\/sch\u00fctzenverein-grussendorf.de\/index.php?rest_route=\/wp\/v2\/pages\/1640\/revisions\/1851"}],"wp:attachment":[{"href":"https:\/\/sch\u00fctzenverein-grussendorf.de\/index.php?rest_route=%2Fwp%2Fv2%2Fmedia&parent=1640"}],"curies":[{"name":"wp","href":"https:\/\/api.w.org\/{rel}","templated":true}]}}