{"id":1631,"date":"2023-11-02T08:08:13","date_gmt":"2023-11-02T07:08:13","guid":{"rendered":"https:\/\/sch\u00fctzenverein-grussendorf.de\/?page_id=1631"},"modified":"2025-06-27T23:19:32","modified_gmt":"2025-06-27T21:19:32","slug":"veranstaltungen","status":"publish","type":"page","link":"https:\/\/sch\u00fctzenverein-grussendorf.de\/?page_id=1631","title":{"rendered":"Veranstaltungen"},"content":{"rendered":"<p>Neben dem Sch\u00fctzenfest und dem Sportangebot bietet unser Verein viele weitere Treffen und Veranstaltungen an. Das besondere am Sch\u00fctzenverein ist dabei, dass viele der Veranstaltungen generationen\u00fcbergreifend sind und ein Angebot von jung bis alt bieten.<\/p>\n<p>Diese Seite soll einen \u00dcberblick bieten, welche Veranstaltungen unseren Mitglieder geboten werden. Die genauen Termine findet Ihr in unserem <a href=\"https:\/\/sch\u00fctzenverein-grussendorf.de\/?post_type=tribe_events\">Veranstaltungskalender<\/a>.<\/p>\n<h2>Kameradschaftsabend:<\/h2>\n<p>Wann? Jeden 1. Mittwoch im Monat ab 17 Uhr<br \/>\nWer? Teilnehmen k\u00f6nnen alle m\u00e4nnlichen Mitglieder des Sch\u00fctzenvereins.<br \/>\nWas? Eine Art Stammtisch. Unser Sch\u00fctzenbruder Carlo Berkefeld zaubert ein leckeres Gericht und in gro\u00dfer Runde werden tagesaktuelle Themen und Geschichten &#8222;von fr\u00fcher&#8220; diskutiert. Auf diesem Weg bieten wir auch den Mitgliedern, die nicht oder nicht mehr regelm\u00e4\u00dfig am Trainingsbetrieb teilnehmen die M\u00f6glichkeit sich regelm\u00e4\u00dfig zu treffen und auszutauschen.<\/p>\n<div id=\"attachment_1632\" style=\"width: 594px\" class=\"wp-caption aligncenter\"><a href=\"https:\/\/xn--schtzenverein-grussendorf-hwc.de\/wp-content\/uploads\/2023\/11\/IMG-20230503-WA0013-Kopie.jpg\"><img loading=\"lazy\" decoding=\"async\" aria-describedby=\"caption-attachment-1632\" class=\"wp-image-1632 size-large\" src=\"https:\/\/xn--schtzenverein-grussendorf-hwc.de\/wp-content\/uploads\/2023\/11\/IMG-20230503-WA0013-Kopie-1024x633.jpg\" alt=\"\" width=\"584\" height=\"361\" srcset=\"https:\/\/xn--schtzenverein-grussendorf-hwc.de\/wp-content\/uploads\/2023\/11\/IMG-20230503-WA0013-Kopie-1024x633.jpg 1024w, https:\/\/xn--schtzenverein-grussendorf-hwc.de\/wp-content\/uploads\/2023\/11\/IMG-20230503-WA0013-Kopie-300x186.jpg 300w, https:\/\/xn--schtzenverein-grussendorf-hwc.de\/wp-content\/uploads\/2023\/11\/IMG-20230503-WA0013-Kopie-768x475.jpg 768w, https:\/\/xn--schtzenverein-grussendorf-hwc.de\/wp-content\/uploads\/2023\/11\/IMG-20230503-WA0013-Kopie-485x300.jpg 485w, https:\/\/xn--schtzenverein-grussendorf-hwc.de\/wp-content\/uploads\/2023\/11\/IMG-20230503-WA0013-Kopie.jpg 1468w\" sizes=\"auto, (max-width: 584px) 100vw, 584px\" \/><\/a><p id=\"caption-attachment-1632\" class=\"wp-caption-text\">Gruppenfoto Mai 2023<\/p><\/div>\n<div id=\"attachment_1633\" style=\"width: 594px\" class=\"wp-caption aligncenter\"><a href=\"https:\/\/xn--schtzenverein-grussendorf-hwc.de\/wp-content\/uploads\/2023\/11\/20230906_182736-scaled.jpg\"><img loading=\"lazy\" decoding=\"async\" aria-describedby=\"caption-attachment-1633\" class=\"wp-image-1633 size-large\" src=\"https:\/\/xn--schtzenverein-grussendorf-hwc.de\/wp-content\/uploads\/2023\/11\/20230906_182736-1024x768.jpg\" alt=\"\" width=\"584\" height=\"438\" srcset=\"https:\/\/xn--schtzenverein-grussendorf-hwc.de\/wp-content\/uploads\/2023\/11\/20230906_182736-1024x768.jpg 1024w, https:\/\/xn--schtzenverein-grussendorf-hwc.de\/wp-content\/uploads\/2023\/11\/20230906_182736-300x225.jpg 300w, https:\/\/xn--schtzenverein-grussendorf-hwc.de\/wp-content\/uploads\/2023\/11\/20230906_182736-768x576.jpg 768w, https:\/\/xn--schtzenverein-grussendorf-hwc.de\/wp-content\/uploads\/2023\/11\/20230906_182736-1536x1152.jpg 1536w, https:\/\/xn--schtzenverein-grussendorf-hwc.de\/wp-content\/uploads\/2023\/11\/20230906_182736-2048x1536.jpg 2048w, https:\/\/xn--schtzenverein-grussendorf-hwc.de\/wp-content\/uploads\/2023\/11\/20230906_182736-400x300.jpg 400w\" sizes=\"auto, (max-width: 584px) 100vw, 584px\" \/><\/a><p id=\"caption-attachment-1633\" class=\"wp-caption-text\">Bei sch\u00f6nem Wetter wird der &#8222;Biergarten&#8220; aufgebaut &#8211; September 2023<\/p><\/div>\n<h2>Monatsbecher:<\/h2>\n<p>Wann? Jeden 1. Donnerstag im Monat ab 18 Uhr<br \/>\nWer? Teilnehmen k\u00f6nnen alle weiblichen Mitglieder des Sch\u00fctzenvereins.<br \/>\nWas?: Stammtisch der Damen und Ausschie\u00dfen des Monatsbechers. Jeden Monat gibt es den &#8222;Monatsbecher&#8220; zu gewinnen. Die Art des Schie\u00dfens wechselt dabei abwechslungsreich von Ziel- zu Gl\u00fccksschie\u00dfen, von LG zu KK, etc.<\/p>\n<p><strong>Entenschie\u00dfen:<\/strong><br \/>\nWann? Im Januar, an drei aufeinanderfolgenden <a href=\"https:\/\/sch\u00fctzenverein-grussendorf.de\/?page_id=1585\">Trainingsabenden<\/a><br \/>\nWas?: Zu jedem Trainingstermin wird eine (gefrorene) Ente ausgeschossen. Der Sieger pro Trainingsabend wird in einem Gl\u00fccksschie\u00dfen ermittelt (Luftpistole auf umgedrehte Scheibe. Wer die h\u00f6chste &#8222;Schnapszahl&#8220; hat gewinnt.<\/p>\n<p><strong>Gr\u00fcnkohlwanderung:<\/strong><br \/>\nWann? Meistens der erste oder zweite Sonntag im Februar<br \/>\nWas?: Gemeinsame Wanderung rund um Gru\u00dfendorf mit zwei &#8211; drei Verpflegungsstationen. Im Anschluss deftiges Gr\u00fcnkohlessen im Sch\u00fctzenheim. F\u00fcr die Kinder gibt es Nudeln mit Tomatensauce.<\/p>\n<p><strong>Ostereierschie\u00dfen:<\/strong><br \/>\nWann?: Karfreitag um 18 Uhr<br \/>\nWas?: Gl\u00fccksschie\u00dfen. Zu gewinnen gibt es Ostereier und s\u00fc\u00dfe K\u00f6rbe. Die- oder derjenige mit den meisten Ostereiern darf sich ein Jahr lang Eierk\u00f6nigin \/ Eierk\u00f6nig nennen.<\/p>\n<div id=\"attachment_1428\" style=\"width: 594px\" class=\"wp-caption aligncenter\"><a href=\"https:\/\/xn--schtzenverein-grussendorf-hwc.de\/wp-content\/uploads\/2023\/04\/20230407_211816-scaled.jpg\"><img loading=\"lazy\" decoding=\"async\" aria-describedby=\"caption-attachment-1428\" class=\"wp-image-1428 size-large\" src=\"https:\/\/xn--schtzenverein-grussendorf-hwc.de\/wp-content\/uploads\/2023\/04\/20230407_211816-1024x837.jpg\" alt=\"\" width=\"584\" height=\"477\" srcset=\"https:\/\/xn--schtzenverein-grussendorf-hwc.de\/wp-content\/uploads\/2023\/04\/20230407_211816-1024x837.jpg 1024w, https:\/\/xn--schtzenverein-grussendorf-hwc.de\/wp-content\/uploads\/2023\/04\/20230407_211816-300x245.jpg 300w, https:\/\/xn--schtzenverein-grussendorf-hwc.de\/wp-content\/uploads\/2023\/04\/20230407_211816-768x628.jpg 768w, https:\/\/xn--schtzenverein-grussendorf-hwc.de\/wp-content\/uploads\/2023\/04\/20230407_211816-1536x1255.jpg 1536w, https:\/\/xn--schtzenverein-grussendorf-hwc.de\/wp-content\/uploads\/2023\/04\/20230407_211816-2048x1674.jpg 2048w, https:\/\/xn--schtzenverein-grussendorf-hwc.de\/wp-content\/uploads\/2023\/04\/20230407_211816-367x300.jpg 367w\" sizes=\"auto, (max-width: 584px) 100vw, 584px\" \/><\/a><p id=\"caption-attachment-1428\" class=\"wp-caption-text\">Eierk\u00f6nig Falko und die Gewinner der Pr\u00e4sentk\u00f6rbe beim Osterschie\u00dfen im April 2023<\/p><\/div>\n","protected":false},"excerpt":{"rendered":"<p>Neben dem Sch\u00fctzenfest und dem Sportangebot bietet unser Verein viele weitere Treffen und Veranstaltungen an. Das besondere am Sch\u00fctzenverein ist dabei, dass viele der Veranstaltungen generationen\u00fcbergreifend sind und ein Angebot von jung bis alt bieten. Diese Seite soll einen \u00dcberblick &hellip; <a href=\"https:\/\/sch\u00fctzenverein-grussendorf.de\/?page_id=1631\">Weiterlesen <span class=\"meta-nav\">&rarr;<\/span><\/a><\/p>\n","protected":false},"author":1,"featured_media":0,"parent":1585,"menu_order":6,"comment_status":"closed","ping_status":"closed","template":"sidebar-page.php","meta":{"footnotes":""},"class_list":["post-1631","page","type-page","status-publish","hentry"],"_links":{"self":[{"href":"https:\/\/sch\u00fctzenverein-grussendorf.de\/index.php?rest_route=\/wp\/v2\/pages\/1631","targetHints":{"allow":["GET"]}}],"collection":[{"href":"https:\/\/sch\u00fctzenverein-grussendorf.de\/index.php?rest_route=\/wp\/v2\/pages"}],"about":[{"href":"https:\/\/sch\u00fctzenverein-grussendorf.de\/index.php?rest_route=\/wp\/v2\/types\/page"}],"author":[{"embeddable":true,"href":"https:\/\/sch\u00fctzenverein-grussendorf.de\/index.php?rest_route=\/wp\/v2\/users\/1"}],"replies":[{"embeddable":true,"href":"https:\/\/sch\u00fctzenverein-grussendorf.de\/index.php?rest_route=%2Fwp%2Fv2%2Fcomments&post=1631"}],"version-history":[{"count":2,"href":"https:\/\/sch\u00fctzenverein-grussendorf.de\/index.php?rest_route=\/wp\/v2\/pages\/1631\/revisions"}],"predecessor-version":[{"id":2399,"href":"https:\/\/sch\u00fctzenverein-grussendorf.de\/index.php?rest_route=\/wp\/v2\/pages\/1631\/revisions\/2399"}],"up":[{"embeddable":true,"href":"https:\/\/sch\u00fctzenverein-grussendorf.de\/index.php?rest_route=\/wp\/v2\/pages\/1585"}],"wp:attachment":[{"href":"https:\/\/sch\u00fctzenverein-grussendorf.de\/index.php?rest_route=%2Fwp%2Fv2%2Fmedia&parent=1631"}],"curies":[{"name":"wp","href":"https:\/\/api.w.org\/{rel}","templated":true}]}}