{"id":1585,"date":"2023-10-23T21:18:00","date_gmt":"2023-10-23T19:18:00","guid":{"rendered":"https:\/\/sch\u00fctzenverein-grussendorf.de\/?page_id=1585"},"modified":"2024-11-08T11:48:34","modified_gmt":"2024-11-08T10:48:34","slug":"sportangebot","status":"publish","type":"page","link":"https:\/\/sch\u00fctzenverein-grussendorf.de\/?page_id=1585","title":{"rendered":"Sport- und Freizeitangebot"},"content":{"rendered":"<p>Die <strong>F\u00f6rderung des Sports<\/strong> ist der Satzungszweck unseres Vereins und somit nat\u00fcrlich unser Hauptanliegen. Daher bietet der Sch\u00fctzenverein ein breitgef\u00e4chertes Angebot an Sportarten.<\/p>\r\n<p><strong>Trainingszeiten <\/strong>im\u00a0Sch\u00fctzenheim\u00a0Gru\u00dfendorf sind:<\/p>\r\n<!-- \/wp:post-content -->\r\n\r\n<!-- wp:list -->\r\n<ul>\r\n<li>Dienstag ab 16:45 Uhr &#8211; Kinder und Jugendliche &#8211; Schie\u00dfsport<\/li>\r\n<li>Dienstag 19:00 Uhr &#8211; Erwachsene &#8211; Schie\u00dfsport<\/li>\r\n<li>Donnerstag 17:00 Uhr &#8211; 19:00 Uhr &#8211; Blasrohr (Einteilung in Gruppen)<\/li>\r\n<li>Freitag (jede zweite Woche) 19:00 Uhr &#8211; ab 16 Jahren &#8211; Dartsport<\/li>\r\n<\/ul>\r\n<!-- \/wp:list -->\r\n\r\n<!-- wp:paragraph -->\r\n<p><strong>Schie\u00dfsport<\/strong><\/p>\r\n<p>Seit mehr als 100 Jahren unsere Kernkompetenz! Eine gute Grundausbildung und regelm\u00e4\u00dfige Trainingsm\u00f6glichkeiten haben unseren Sch\u00fctzinnen und Sch\u00fctzen schon mehrere Teilnahmen an den Landesmeisterschaften und deutschen Meisterschaften erm\u00f6glicht. Das Angebot reicht von den olympischen Disziplinen 10 m Luftgewehr, 10 Luftpistole \u00fcber weitere Disziplinen im Schie\u00dfsport wie Luftdruck, Kleinkaliber und Sportpistole in verschiedenen, altersgerechten Kategorien (Stehend Freihand, Auflage, etc.). Mehr Informationen gibt es auf der Seite <a href=\"https:\/\/sch\u00fctzenverein-grussendorf.de\/?page_id=47\">Schie\u00dfsport im SV Gru\u00dfendorf.\u00a0<\/a><\/p>\r\n<p><strong>Blasrohrsport<\/strong><\/p>\r\n<p>Das <a href=\"https:\/\/sch\u00fctzenverein-grussendorf.de\/?page_id=1589\">Blasrohrschie\u00dfen<\/a> ist seit 2023 Bestandteil unseres Trainingsangebotes. Diese Sportart ist erst vor kurzem offiziell als neuer Wettbewerb beim DSB (Deutscher Sch\u00fctzenbund) aufgenommen worden und unser Sch\u00fctzenverein z\u00e4hlt mit zu den ersten Vereinen im Kreis Gifhorn, die diese Sportart anbieten. Im Oktober 2023 konnte unsere Kindermannschaft auch <a href=\"https:\/\/sch\u00fctzenverein-grussendorf.de\/?p=1573\">bereits Medaillen beim ersten Turnier des Kreisverbande<\/a>s gewinnen. Im Sommer 2024 gelang einer unserer Sch\u00fctzinnen bei den j\u00fcngsten Kindern mit dem Gewinn der Landesmeisterschaft ein Riesenerfolg. <a href=\"https:\/\/sch\u00fctzenverein-grussendorf.de\/?page_id=1589\">Mehr Informationen unter Blasrohrsport<\/a>.<\/p>\r\n<p><strong>Dartsport<\/strong><\/p>\r\n<p>Neben den oben genannten Schie\u00dfdisziplinen ist seit 2022 auch der Dartsport fester Bestandteil unseres Vereins. Dort sind wir derzeit noch nicht an Wettk\u00e4mpfen mit anderen Vereinen beteiligt sondern treffen uns in netter Kneipenatmosph\u00e4re im Sch\u00fctzenheim um ein paar Darts zu werfen. <a href=\"https:\/\/sch\u00fctzenverein-grussendorf.de\/?page_id=860\">Mehr Informationen zum Dart findet Ihr hier<\/a>.<\/p>","protected":false},"excerpt":{"rendered":"<p>Die F\u00f6rderung des Sports ist der Satzungszweck unseres Vereins und somit nat\u00fcrlich unser Hauptanliegen. Daher bietet der Sch\u00fctzenverein ein breitgef\u00e4chertes Angebot an Sportarten. Trainingszeiten im\u00a0Sch\u00fctzenheim\u00a0Gru\u00dfendorf sind: Dienstag ab 16:45 Uhr &#8211; Kinder und Jugendliche &#8211; Schie\u00dfsport Dienstag 19:00 Uhr &#8211; &hellip; <a href=\"https:\/\/sch\u00fctzenverein-grussendorf.de\/?page_id=1585\">Weiterlesen <span class=\"meta-nav\">&rarr;<\/span><\/a><\/p>\n","protected":false},"author":1,"featured_media":0,"parent":0,"menu_order":0,"comment_status":"closed","ping_status":"closed","template":"sidebar-page.php","meta":{"footnotes":""},"class_list":["post-1585","page","type-page","status-publish","hentry"],"_links":{"self":[{"href":"https:\/\/sch\u00fctzenverein-grussendorf.de\/index.php?rest_route=\/wp\/v2\/pages\/1585","targetHints":{"allow":["GET"]}}],"collection":[{"href":"https:\/\/sch\u00fctzenverein-grussendorf.de\/index.php?rest_route=\/wp\/v2\/pages"}],"about":[{"href":"https:\/\/sch\u00fctzenverein-grussendorf.de\/index.php?rest_route=\/wp\/v2\/types\/page"}],"author":[{"embeddable":true,"href":"https:\/\/sch\u00fctzenverein-grussendorf.de\/index.php?rest_route=\/wp\/v2\/users\/1"}],"replies":[{"embeddable":true,"href":"https:\/\/sch\u00fctzenverein-grussendorf.de\/index.php?rest_route=%2Fwp%2Fv2%2Fcomments&post=1585"}],"version-history":[{"count":14,"href":"https:\/\/sch\u00fctzenverein-grussendorf.de\/index.php?rest_route=\/wp\/v2\/pages\/1585\/revisions"}],"predecessor-version":[{"id":2144,"href":"https:\/\/sch\u00fctzenverein-grussendorf.de\/index.php?rest_route=\/wp\/v2\/pages\/1585\/revisions\/2144"}],"wp:attachment":[{"href":"https:\/\/sch\u00fctzenverein-grussendorf.de\/index.php?rest_route=%2Fwp%2Fv2%2Fmedia&parent=1585"}],"curies":[{"name":"wp","href":"https:\/\/api.w.org\/{rel}","templated":true}]}}