{"id":13,"date":"2019-01-20T14:43:09","date_gmt":"2019-01-20T14:43:09","guid":{"rendered":"http:\/\/xn--schtzenverein-grussendorf-hwc.de\/?page_id=13"},"modified":"2025-02-10T22:20:16","modified_gmt":"2025-02-10T21:20:16","slug":"vorstand","status":"publish","type":"page","link":"https:\/\/sch\u00fctzenverein-grussendorf.de\/?page_id=13","title":{"rendered":"Vorstand"},"content":{"rendered":"\r\n<h3 class=\"wp-block-column\"><strong>1. Kommandeurin, Sylke Thomas<\/strong><\/h3>\r\n<div class=\"wp-block-column\">\r\n<div id=\"attachment_714\" style=\"width: 310px\" class=\"wp-caption alignleft\"><img loading=\"lazy\" decoding=\"async\" aria-describedby=\"caption-attachment-714\" class=\"wp-image-714 size-medium\" src=\"https:\/\/xn--schtzenverein-grussendorf-hwc.de\/wp-content\/uploads\/2021\/09\/IMG_3509-smaller-300x200.jpg\" alt=\"\" width=\"300\" height=\"200\" srcset=\"https:\/\/xn--schtzenverein-grussendorf-hwc.de\/wp-content\/uploads\/2021\/09\/IMG_3509-smaller-300x200.jpg 300w, https:\/\/xn--schtzenverein-grussendorf-hwc.de\/wp-content\/uploads\/2021\/09\/IMG_3509-smaller-1024x682.jpg 1024w, https:\/\/xn--schtzenverein-grussendorf-hwc.de\/wp-content\/uploads\/2021\/09\/IMG_3509-smaller-768x512.jpg 768w, https:\/\/xn--schtzenverein-grussendorf-hwc.de\/wp-content\/uploads\/2021\/09\/IMG_3509-smaller-1536x1023.jpg 1536w, https:\/\/xn--schtzenverein-grussendorf-hwc.de\/wp-content\/uploads\/2021\/09\/IMG_3509-smaller-450x300.jpg 450w, https:\/\/xn--schtzenverein-grussendorf-hwc.de\/wp-content\/uploads\/2021\/09\/IMG_3509-smaller.jpg 1630w\" sizes=\"auto, (max-width: 300px) 100vw, 300px\" \/><p id=\"caption-attachment-714\" class=\"wp-caption-text\">2. Kommandeur, Stefan B\u00fcggener<\/p><\/div>\r\n\r\n\r\n<\/div>\r\n<\/div>\r\n<div class=\"wp-block-columns\">\r\n<div class=\"wp-block-column\">\r\n<p>&nbsp;<\/p>\r\n<p>&nbsp;<\/p>\r\n<\/div>\r\n<\/div>\r\n<p>&nbsp;<\/p>\r\n<p>&nbsp;<\/p>\r\n<div class=\"wp-block-columns\">\r\n<div class=\"wp-block-column\">\r\n<div id=\"attachment_1185\" style=\"width: 310px\" class=\"wp-caption alignleft\"><a href=\"https:\/\/xn--schtzenverein-grussendorf-hwc.de\/wp-content\/uploads\/2022\/07\/IMG_4003_Smaller-scaled.jpg\"><img loading=\"lazy\" decoding=\"async\" aria-describedby=\"caption-attachment-1185\" class=\"wp-image-1185 size-medium\" src=\"https:\/\/xn--schtzenverein-grussendorf-hwc.de\/wp-content\/uploads\/2022\/07\/IMG_4003_Smaller-300x225.jpg\" alt=\"\" width=\"300\" height=\"225\" srcset=\"https:\/\/xn--schtzenverein-grussendorf-hwc.de\/wp-content\/uploads\/2022\/07\/IMG_4003_Smaller-300x225.jpg 300w, https:\/\/xn--schtzenverein-grussendorf-hwc.de\/wp-content\/uploads\/2022\/07\/IMG_4003_Smaller-1024x768.jpg 1024w, https:\/\/xn--schtzenverein-grussendorf-hwc.de\/wp-content\/uploads\/2022\/07\/IMG_4003_Smaller-768x576.jpg 768w, https:\/\/xn--schtzenverein-grussendorf-hwc.de\/wp-content\/uploads\/2022\/07\/IMG_4003_Smaller-1536x1152.jpg 1536w, https:\/\/xn--schtzenverein-grussendorf-hwc.de\/wp-content\/uploads\/2022\/07\/IMG_4003_Smaller-2048x1536.jpg 2048w, https:\/\/xn--schtzenverein-grussendorf-hwc.de\/wp-content\/uploads\/2022\/07\/IMG_4003_Smaller-400x300.jpg 400w\" sizes=\"auto, (max-width: 300px) 100vw, 300px\" \/><\/a><p id=\"caption-attachment-1185\" class=\"wp-caption-text\">Ehrenkommandeur, Wolfgang Wuth<\/p><\/div>\r\n<\/div>\r\n<p>&nbsp;<\/p>\r\n<\/div><!-- \/wp:column -->\r\n\r\n<!-- wp:columns -->\r\n<div class=\"wp-block-columns\"><!-- wp:column -->\r\n<h3 class=\"wp-block-column\"><!-- wp:paragraph {\"fontSize\":\"medium\"} --><strong>1. Kommandeurin, Sylke Thomas<\/strong><\/h3>\r\n<div class=\"wp-block-column\">\r\n<div id=\"attachment_714\" style=\"width: 310px\" class=\"wp-caption alignleft\"><img loading=\"lazy\" decoding=\"async\" aria-describedby=\"caption-attachment-714\" class=\"wp-image-714 size-medium\" src=\"https:\/\/xn--schtzenverein-grussendorf-hwc.de\/wp-content\/uploads\/2021\/09\/IMG_3509-smaller-300x200.jpg\" alt=\"\" width=\"300\" height=\"200\" srcset=\"https:\/\/xn--schtzenverein-grussendorf-hwc.de\/wp-content\/uploads\/2021\/09\/IMG_3509-smaller-300x200.jpg 300w, https:\/\/xn--schtzenverein-grussendorf-hwc.de\/wp-content\/uploads\/2021\/09\/IMG_3509-smaller-1024x682.jpg 1024w, https:\/\/xn--schtzenverein-grussendorf-hwc.de\/wp-content\/uploads\/2021\/09\/IMG_3509-smaller-768x512.jpg 768w, https:\/\/xn--schtzenverein-grussendorf-hwc.de\/wp-content\/uploads\/2021\/09\/IMG_3509-smaller-1536x1023.jpg 1536w, https:\/\/xn--schtzenverein-grussendorf-hwc.de\/wp-content\/uploads\/2021\/09\/IMG_3509-smaller-450x300.jpg 450w, https:\/\/xn--schtzenverein-grussendorf-hwc.de\/wp-content\/uploads\/2021\/09\/IMG_3509-smaller.jpg 1630w\" sizes=\"auto, (max-width: 300px) 100vw, 300px\" \/><p id=\"caption-attachment-714\" class=\"wp-caption-text\">2. Kommandeur, Stefan B\u00fcggener<\/p><\/div>\r\n<!-- \/wp:paragraph -->\r\n\r\n<!-- wp:paragraph --><\/div>\r\n<\/div>\r\n<div class=\"wp-block-columns\">\r\n<div class=\"wp-block-column\">\r\n<p>&nbsp;<\/p>\r\n<p>&nbsp;<\/p>\r\n<\/div>\r\n<\/div>\r\n<p>&nbsp;<\/p>\r\n<p>&nbsp;<\/p>\r\n<div class=\"wp-block-columns\">\r\n<div class=\"wp-block-column\">\r\n<div id=\"attachment_1185\" style=\"width: 310px\" class=\"wp-caption alignleft\"><a href=\"https:\/\/xn--schtzenverein-grussendorf-hwc.de\/wp-content\/uploads\/2022\/07\/IMG_4003_Smaller-scaled.jpg\"><img loading=\"lazy\" decoding=\"async\" aria-describedby=\"caption-attachment-1185\" class=\"wp-image-1185 size-medium\" src=\"https:\/\/xn--schtzenverein-grussendorf-hwc.de\/wp-content\/uploads\/2022\/07\/IMG_4003_Smaller-300x225.jpg\" alt=\"\" width=\"300\" height=\"225\" srcset=\"https:\/\/xn--schtzenverein-grussendorf-hwc.de\/wp-content\/uploads\/2022\/07\/IMG_4003_Smaller-300x225.jpg 300w, https:\/\/xn--schtzenverein-grussendorf-hwc.de\/wp-content\/uploads\/2022\/07\/IMG_4003_Smaller-1024x768.jpg 1024w, https:\/\/xn--schtzenverein-grussendorf-hwc.de\/wp-content\/uploads\/2022\/07\/IMG_4003_Smaller-768x576.jpg 768w, https:\/\/xn--schtzenverein-grussendorf-hwc.de\/wp-content\/uploads\/2022\/07\/IMG_4003_Smaller-1536x1152.jpg 1536w, https:\/\/xn--schtzenverein-grussendorf-hwc.de\/wp-content\/uploads\/2022\/07\/IMG_4003_Smaller-2048x1536.jpg 2048w, https:\/\/xn--schtzenverein-grussendorf-hwc.de\/wp-content\/uploads\/2022\/07\/IMG_4003_Smaller-400x300.jpg 400w\" sizes=\"auto, (max-width: 300px) 100vw, 300px\" \/><\/a><p id=\"caption-attachment-1185\" class=\"wp-caption-text\">Ehrenkommandeur, Wolfgang Wuth<\/p><\/div>\r\n<\/div>\r\n<p>&nbsp;<\/p>\r\n<\/div><!-- \/wp:post-content --><!-- \/wp:columns --><!-- wp:post-content --><!-- wp:heading {\"fontSize\":\"medium\"} -->\r\n<h1><em>Gesch\u00e4ftsf\u00fchrender Vorstand<\/em><\/h1>\r\n<div id=\"attachment_720\" style=\"width: 310px\" class=\"wp-caption alignleft\"><img loading=\"lazy\" decoding=\"async\" aria-describedby=\"caption-attachment-720\" class=\"wp-image-720 size-medium\" src=\"https:\/\/xn--schtzenverein-grussendorf-hwc.de\/wp-content\/uploads\/2021\/09\/IMG_3491-Smaller-300x200.jpg\" alt=\"\" width=\"300\" height=\"200\" srcset=\"https:\/\/xn--schtzenverein-grussendorf-hwc.de\/wp-content\/uploads\/2021\/09\/IMG_3491-Smaller-300x200.jpg 300w, https:\/\/xn--schtzenverein-grussendorf-hwc.de\/wp-content\/uploads\/2021\/09\/IMG_3491-Smaller-1024x683.jpg 1024w, https:\/\/xn--schtzenverein-grussendorf-hwc.de\/wp-content\/uploads\/2021\/09\/IMG_3491-Smaller-768x512.jpg 768w, https:\/\/xn--schtzenverein-grussendorf-hwc.de\/wp-content\/uploads\/2021\/09\/IMG_3491-Smaller-450x300.jpg 450w, https:\/\/xn--schtzenverein-grussendorf-hwc.de\/wp-content\/uploads\/2021\/09\/IMG_3491-Smaller.jpg 1515w\" sizes=\"auto, (max-width: 300px) 100vw, 300px\" \/><p id=\"caption-attachment-720\" class=\"wp-caption-text\">1. Vorsitzender, Marcus Cordes<\/p><\/div>\r\n<p>&nbsp;<\/p>\r\n<p>&nbsp;<\/p>\r\n<p>&nbsp;<\/p>\r\n<p>&nbsp;<\/p>\r\n<p>&nbsp;<\/p>\r\n<h3>2. Vorsitzende, Sylke Thomas<\/h3>\r\n<div id=\"attachment_718\" style=\"width: 310px\" class=\"wp-caption alignleft\"><img loading=\"lazy\" decoding=\"async\" aria-describedby=\"caption-attachment-718\" class=\"wp-image-718 size-medium\" src=\"https:\/\/xn--schtzenverein-grussendorf-hwc.de\/wp-content\/uploads\/2021\/09\/IMG_3479_smaller-300x200.jpg\" alt=\"\" width=\"300\" height=\"200\" srcset=\"https:\/\/xn--schtzenverein-grussendorf-hwc.de\/wp-content\/uploads\/2021\/09\/IMG_3479_smaller-300x200.jpg 300w, https:\/\/xn--schtzenverein-grussendorf-hwc.de\/wp-content\/uploads\/2021\/09\/IMG_3479_smaller-1024x682.jpg 1024w, https:\/\/xn--schtzenverein-grussendorf-hwc.de\/wp-content\/uploads\/2021\/09\/IMG_3479_smaller-768x512.jpg 768w, https:\/\/xn--schtzenverein-grussendorf-hwc.de\/wp-content\/uploads\/2021\/09\/IMG_3479_smaller-1536x1023.jpg 1536w, https:\/\/xn--schtzenverein-grussendorf-hwc.de\/wp-content\/uploads\/2021\/09\/IMG_3479_smaller-450x300.jpg 450w, https:\/\/xn--schtzenverein-grussendorf-hwc.de\/wp-content\/uploads\/2021\/09\/IMG_3479_smaller.jpg 1594w\" sizes=\"auto, (max-width: 300px) 100vw, 300px\" \/><p id=\"caption-attachment-718\" class=\"wp-caption-text\">1. Schriftf\u00fchrerin, Mareike Maiwald<\/p><\/div>\r\n<h3>1. Kassenf\u00fchrerin, Joana Asche<\/h3>\r\n<h1><em>Erweiterter Vorstand<\/em><\/h1>\r\n<div id=\"attachment_1184\" style=\"width: 310px\" class=\"wp-caption alignleft\"><a href=\"https:\/\/xn--schtzenverein-grussendorf-hwc.de\/wp-content\/uploads\/2022\/07\/IMG_4002_SMaller-scaled.jpg\"><img loading=\"lazy\" decoding=\"async\" aria-describedby=\"caption-attachment-1184\" class=\"wp-image-1184 size-medium\" src=\"https:\/\/xn--schtzenverein-grussendorf-hwc.de\/wp-content\/uploads\/2022\/07\/IMG_4002_SMaller-300x226.jpg\" alt=\"\" width=\"300\" height=\"226\" srcset=\"https:\/\/xn--schtzenverein-grussendorf-hwc.de\/wp-content\/uploads\/2022\/07\/IMG_4002_SMaller-300x226.jpg 300w, https:\/\/xn--schtzenverein-grussendorf-hwc.de\/wp-content\/uploads\/2022\/07\/IMG_4002_SMaller-1024x771.jpg 1024w, https:\/\/xn--schtzenverein-grussendorf-hwc.de\/wp-content\/uploads\/2022\/07\/IMG_4002_SMaller-768x578.jpg 768w, https:\/\/xn--schtzenverein-grussendorf-hwc.de\/wp-content\/uploads\/2022\/07\/IMG_4002_SMaller-1536x1157.jpg 1536w, https:\/\/xn--schtzenverein-grussendorf-hwc.de\/wp-content\/uploads\/2022\/07\/IMG_4002_SMaller-2048x1542.jpg 2048w, https:\/\/xn--schtzenverein-grussendorf-hwc.de\/wp-content\/uploads\/2022\/07\/IMG_4002_SMaller-398x300.jpg 398w\" sizes=\"auto, (max-width: 300px) 100vw, 300px\" \/><\/a><p id=\"caption-attachment-1184\" class=\"wp-caption-text\">1. Schie\u00dfsportleiter, Marc Jablonski<\/p><\/div>\r\n<h3>2. Schiesssportleiter, Pascal Puschmann<\/h3>\r\n<h3>2. Schriftf\u00fchrerin, Jennifer Lesse<\/h3>\r\n<div id=\"attachment_717\" style=\"width: 310px\" class=\"wp-caption alignleft\"><img loading=\"lazy\" decoding=\"async\" aria-describedby=\"caption-attachment-717\" class=\"wp-image-717 size-medium\" src=\"https:\/\/xn--schtzenverein-grussendorf-hwc.de\/wp-content\/uploads\/2021\/09\/IMG_3502_smaller-300x200.jpg\" alt=\"\" width=\"300\" height=\"200\" srcset=\"https:\/\/xn--schtzenverein-grussendorf-hwc.de\/wp-content\/uploads\/2021\/09\/IMG_3502_smaller-300x200.jpg 300w, https:\/\/xn--schtzenverein-grussendorf-hwc.de\/wp-content\/uploads\/2021\/09\/IMG_3502_smaller-1024x683.jpg 1024w, https:\/\/xn--schtzenverein-grussendorf-hwc.de\/wp-content\/uploads\/2021\/09\/IMG_3502_smaller-768x512.jpg 768w, https:\/\/xn--schtzenverein-grussendorf-hwc.de\/wp-content\/uploads\/2021\/09\/IMG_3502_smaller-450x300.jpg 450w, https:\/\/xn--schtzenverein-grussendorf-hwc.de\/wp-content\/uploads\/2021\/09\/IMG_3502_smaller.jpg 1508w\" sizes=\"auto, (max-width: 300px) 100vw, 300px\" \/><p id=\"caption-attachment-717\" class=\"wp-caption-text\">2. Kassenf\u00fchrerin, Corinna Cordes<\/p><\/div>\r\n<p>&nbsp;<\/p>\r\n<p>&nbsp;<\/p>\r\n<p>&nbsp;<\/p>\r\n<p>&nbsp;<\/p>\r\n<p>&nbsp;<\/p>\r\n<h3>Jugendleitung, Sandy Puschmann<\/h3>\r\n<div id=\"attachment_716\" style=\"width: 310px\" class=\"wp-caption alignleft\"><img loading=\"lazy\" decoding=\"async\" aria-describedby=\"caption-attachment-716\" class=\"wp-image-716 size-medium\" src=\"https:\/\/xn--schtzenverein-grussendorf-hwc.de\/wp-content\/uploads\/2021\/09\/IMG_3513-smaller-300x200.jpg\" alt=\"\" width=\"300\" height=\"200\" srcset=\"https:\/\/xn--schtzenverein-grussendorf-hwc.de\/wp-content\/uploads\/2021\/09\/IMG_3513-smaller-300x200.jpg 300w, https:\/\/xn--schtzenverein-grussendorf-hwc.de\/wp-content\/uploads\/2021\/09\/IMG_3513-smaller-1024x683.jpg 1024w, https:\/\/xn--schtzenverein-grussendorf-hwc.de\/wp-content\/uploads\/2021\/09\/IMG_3513-smaller-768x512.jpg 768w, https:\/\/xn--schtzenverein-grussendorf-hwc.de\/wp-content\/uploads\/2021\/09\/IMG_3513-smaller-1536x1024.jpg 1536w, https:\/\/xn--schtzenverein-grussendorf-hwc.de\/wp-content\/uploads\/2021\/09\/IMG_3513-smaller-450x300.jpg 450w, https:\/\/xn--schtzenverein-grussendorf-hwc.de\/wp-content\/uploads\/2021\/09\/IMG_3513-smaller.jpg 1551w\" sizes=\"auto, (max-width: 300px) 100vw, 300px\" \/><p id=\"caption-attachment-716\" class=\"wp-caption-text\">Damenleitung, Ines Langeheine<\/p><\/div>\r\n<p>&nbsp;<\/p>\r\n<p>&nbsp;<\/p>\r\n<p>&nbsp;<\/p>\r\n<p>&nbsp;<\/p>\r\n<p>&nbsp;<\/p>\r\n<p>&nbsp;<\/p>\r\n<h1><em>Erweiterter Vorstand<\/em><\/h1>\r\n<!-- \/wp:heading -->\r\n\r\n<!-- wp:columns -->\r\n<div class=\"wp-block-columns\"><!-- wp:column -->\r\n<h3 class=\"wp-block-column\"><!-- wp:paragraph {\"fontSize\":\"medium\"} --><strong>1. Kommandeurin, Sylke Thomas<\/strong><\/h3>\r\n<div class=\"wp-block-column\">\r\n<div id=\"attachment_714\" style=\"width: 310px\" class=\"wp-caption alignleft\"><img loading=\"lazy\" decoding=\"async\" aria-describedby=\"caption-attachment-714\" class=\"wp-image-714 size-medium\" src=\"https:\/\/xn--schtzenverein-grussendorf-hwc.de\/wp-content\/uploads\/2021\/09\/IMG_3509-smaller-300x200.jpg\" alt=\"\" width=\"300\" height=\"200\" srcset=\"https:\/\/xn--schtzenverein-grussendorf-hwc.de\/wp-content\/uploads\/2021\/09\/IMG_3509-smaller-300x200.jpg 300w, https:\/\/xn--schtzenverein-grussendorf-hwc.de\/wp-content\/uploads\/2021\/09\/IMG_3509-smaller-1024x682.jpg 1024w, https:\/\/xn--schtzenverein-grussendorf-hwc.de\/wp-content\/uploads\/2021\/09\/IMG_3509-smaller-768x512.jpg 768w, https:\/\/xn--schtzenverein-grussendorf-hwc.de\/wp-content\/uploads\/2021\/09\/IMG_3509-smaller-1536x1023.jpg 1536w, https:\/\/xn--schtzenverein-grussendorf-hwc.de\/wp-content\/uploads\/2021\/09\/IMG_3509-smaller-450x300.jpg 450w, https:\/\/xn--schtzenverein-grussendorf-hwc.de\/wp-content\/uploads\/2021\/09\/IMG_3509-smaller.jpg 1630w\" sizes=\"auto, (max-width: 300px) 100vw, 300px\" \/><p id=\"caption-attachment-714\" class=\"wp-caption-text\">2. Kommandeur, Stefan B\u00fcggener<\/p><\/div>\r\n<!-- \/wp:paragraph -->\r\n\r\n<!-- wp:paragraph --><\/div>\r\n<\/div>\r\n<div class=\"wp-block-columns\">\r\n<div class=\"wp-block-column\">\r\n<p>&nbsp;<\/p>\r\n<p>&nbsp;<\/p>\r\n<\/div>\r\n<\/div>\r\n<p>&nbsp;<\/p>\r\n<p>&nbsp;<\/p>\r\n<div class=\"wp-block-columns\">\r\n<div class=\"wp-block-column\">\r\n<div id=\"attachment_1185\" style=\"width: 310px\" class=\"wp-caption alignleft\"><a href=\"https:\/\/xn--schtzenverein-grussendorf-hwc.de\/wp-content\/uploads\/2022\/07\/IMG_4003_Smaller-scaled.jpg\"><img loading=\"lazy\" decoding=\"async\" aria-describedby=\"caption-attachment-1185\" class=\"wp-image-1185 size-medium\" src=\"https:\/\/xn--schtzenverein-grussendorf-hwc.de\/wp-content\/uploads\/2022\/07\/IMG_4003_Smaller-300x225.jpg\" alt=\"\" width=\"300\" height=\"225\" srcset=\"https:\/\/xn--schtzenverein-grussendorf-hwc.de\/wp-content\/uploads\/2022\/07\/IMG_4003_Smaller-300x225.jpg 300w, https:\/\/xn--schtzenverein-grussendorf-hwc.de\/wp-content\/uploads\/2022\/07\/IMG_4003_Smaller-1024x768.jpg 1024w, https:\/\/xn--schtzenverein-grussendorf-hwc.de\/wp-content\/uploads\/2022\/07\/IMG_4003_Smaller-768x576.jpg 768w, https:\/\/xn--schtzenverein-grussendorf-hwc.de\/wp-content\/uploads\/2022\/07\/IMG_4003_Smaller-1536x1152.jpg 1536w, https:\/\/xn--schtzenverein-grussendorf-hwc.de\/wp-content\/uploads\/2022\/07\/IMG_4003_Smaller-2048x1536.jpg 2048w, https:\/\/xn--schtzenverein-grussendorf-hwc.de\/wp-content\/uploads\/2022\/07\/IMG_4003_Smaller-400x300.jpg 400w\" sizes=\"auto, (max-width: 300px) 100vw, 300px\" \/><\/a><p id=\"caption-attachment-1185\" class=\"wp-caption-text\">Ehrenkommandeur, Wolfgang Wuth<\/p><\/div>\r\n<\/div>\r\n<p>&nbsp;<\/p>\r\n<\/div><!-- \/wp:post-content -->","protected":false},"excerpt":{"rendered":"<p>1. Kommandeurin, Sylke Thomas &nbsp; &nbsp; &nbsp; &nbsp; &nbsp; Gesch\u00e4ftsf\u00fchrender Vorstand &nbsp; &nbsp; &nbsp; &nbsp; &nbsp; 2. Vorsitzende, Sylke Thomas 1. Kassenf\u00fchrerin, Joana Asche Erweiterter Vorstand 2. Schiesssportleiter, Pascal Puschmann 2. Schriftf\u00fchrerin, Jennifer Lesse &nbsp; &nbsp; &nbsp; &nbsp; &nbsp; Jugendleitung, &hellip; <a href=\"https:\/\/sch\u00fctzenverein-grussendorf.de\/?page_id=13\">Weiterlesen <span class=\"meta-nav\">&rarr;<\/span><\/a><\/p>\n","protected":false},"author":1,"featured_media":0,"parent":8,"menu_order":2,"comment_status":"closed","ping_status":"closed","template":"sidebar-page.php","meta":{"footnotes":""},"class_list":["post-13","page","type-page","status-publish","hentry"],"_links":{"self":[{"href":"https:\/\/sch\u00fctzenverein-grussendorf.de\/index.php?rest_route=\/wp\/v2\/pages\/13","targetHints":{"allow":["GET"]}}],"collection":[{"href":"https:\/\/sch\u00fctzenverein-grussendorf.de\/index.php?rest_route=\/wp\/v2\/pages"}],"about":[{"href":"https:\/\/sch\u00fctzenverein-grussendorf.de\/index.php?rest_route=\/wp\/v2\/types\/page"}],"author":[{"embeddable":true,"href":"https:\/\/sch\u00fctzenverein-grussendorf.de\/index.php?rest_route=\/wp\/v2\/users\/1"}],"replies":[{"embeddable":true,"href":"https:\/\/sch\u00fctzenverein-grussendorf.de\/index.php?rest_route=%2Fwp%2Fv2%2Fcomments&post=13"}],"version-history":[{"count":45,"href":"https:\/\/sch\u00fctzenverein-grussendorf.de\/index.php?rest_route=\/wp\/v2\/pages\/13\/revisions"}],"predecessor-version":[{"id":2286,"href":"https:\/\/sch\u00fctzenverein-grussendorf.de\/index.php?rest_route=\/wp\/v2\/pages\/13\/revisions\/2286"}],"up":[{"embeddable":true,"href":"https:\/\/sch\u00fctzenverein-grussendorf.de\/index.php?rest_route=\/wp\/v2\/pages\/8"}],"wp:attachment":[{"href":"https:\/\/sch\u00fctzenverein-grussendorf.de\/index.php?rest_route=%2Fwp%2Fv2%2Fmedia&parent=13"}],"curies":[{"name":"wp","href":"https:\/\/api.w.org\/{rel}","templated":true}]}}