{"id":1006,"date":"2022-04-12T20:24:45","date_gmt":"2022-04-12T18:24:45","guid":{"rendered":"https:\/\/sch\u00fctzenverein-grussendorf.de\/?page_id=1006"},"modified":"2022-04-12T21:18:56","modified_gmt":"2022-04-12T19:18:56","slug":"ostereierschiessen","status":"publish","type":"page","link":"https:\/\/sch\u00fctzenverein-grussendorf.de\/?page_id=1006","title":{"rendered":"Ostereierschie\u00dfen"},"content":{"rendered":"<p>Das Ostereierschie\u00dfen ist eine Veranstaltung mit langer Tradition im Sch\u00fctzenverein. Jedes Jahr am Freitag vor Ostern wird die Eierk\u00f6nigin oder der Eierk\u00f6nig ausgeschossen. Dabei kommt es weniger auf das K\u00f6nnen an als auf Gl\u00fcck und ein wenig Strategie.<\/p>\n<p>Alle Teilnehmer geben Sch\u00fcsse auf eine Gl\u00fccksscheibe ab. <img loading=\"lazy\" decoding=\"async\" class=\"wp-image-254 size-large aligncenter\" src=\"http:\/\/xn--schtzenverein-grussendorf-hwc.de\/wp-content\/uploads\/2019\/08\/IMG_2086-1024x683.jpg\" alt=\"\" width=\"584\" height=\"390\" srcset=\"https:\/\/xn--schtzenverein-grussendorf-hwc.de\/wp-content\/uploads\/2019\/08\/IMG_2086-1024x683.jpg 1024w, https:\/\/xn--schtzenverein-grussendorf-hwc.de\/wp-content\/uploads\/2019\/08\/IMG_2086-300x200.jpg 300w, https:\/\/xn--schtzenverein-grussendorf-hwc.de\/wp-content\/uploads\/2019\/08\/IMG_2086-768x512.jpg 768w, https:\/\/xn--schtzenverein-grussendorf-hwc.de\/wp-content\/uploads\/2019\/08\/IMG_2086-450x300.jpg 450w\" sizes=\"auto, (max-width: 584px) 100vw, 584px\" \/>Die m\u00f6glichen Ziele sind durchnummeriert von 1 &#8211; 24. Im Anschluss werden Zahlen gezogen und jeder erh\u00e4lt entsprechend seiner Treffer Ostereier. Wenn also jemand 3 Treffer auf der 8 hat und die 8 wird gezogen, so erh\u00e4lt diese Person 3 Eier. Gewonnen hat die Person, die am Ende die meisten Ostereier ihr eigen nennen kann.<\/p>\n<div id=\"attachment_253\" style=\"width: 594px\" class=\"wp-caption aligncenter\"><img loading=\"lazy\" decoding=\"async\" aria-describedby=\"caption-attachment-253\" class=\"wp-image-253 size-large\" src=\"http:\/\/xn--schtzenverein-grussendorf-hwc.de\/wp-content\/uploads\/2019\/08\/IMG_2079-1024x683.jpg\" alt=\"\" width=\"584\" height=\"390\" srcset=\"https:\/\/xn--schtzenverein-grussendorf-hwc.de\/wp-content\/uploads\/2019\/08\/IMG_2079-1024x683.jpg 1024w, https:\/\/xn--schtzenverein-grussendorf-hwc.de\/wp-content\/uploads\/2019\/08\/IMG_2079-300x200.jpg 300w, https:\/\/xn--schtzenverein-grussendorf-hwc.de\/wp-content\/uploads\/2019\/08\/IMG_2079-768x512.jpg 768w, https:\/\/xn--schtzenverein-grussendorf-hwc.de\/wp-content\/uploads\/2019\/08\/IMG_2079-450x300.jpg 450w\" sizes=\"auto, (max-width: 584px) 100vw, 584px\" \/><p id=\"caption-attachment-253\" class=\"wp-caption-text\">Osterdeko im Sch\u00fctzenstyle.<\/p><\/div>\n<p>Nat\u00fcrlich kommt auch der gem\u00fctliche Teil des Abends nicht zu kurz. Selbstgebackener Osterzopf und das ein- oder andere Osterei (ob Huhn oder Schokolade) harmonieren mit Getr\u00e4nken aus der K\u00fchlung und runden den Abend ab.<\/p>\n<div id=\"attachment_227\" style=\"width: 594px\" class=\"wp-caption aligncenter\"><img loading=\"lazy\" decoding=\"async\" aria-describedby=\"caption-attachment-227\" class=\"wp-image-227 size-large\" src=\"http:\/\/xn--schtzenverein-grussendorf-hwc.de\/wp-content\/uploads\/2019\/02\/IMG_2076-1024x683.jpg\" alt=\"\" width=\"584\" height=\"390\" srcset=\"https:\/\/xn--schtzenverein-grussendorf-hwc.de\/wp-content\/uploads\/2019\/02\/IMG_2076-1024x683.jpg 1024w, https:\/\/xn--schtzenverein-grussendorf-hwc.de\/wp-content\/uploads\/2019\/02\/IMG_2076-300x200.jpg 300w, https:\/\/xn--schtzenverein-grussendorf-hwc.de\/wp-content\/uploads\/2019\/02\/IMG_2076-768x512.jpg 768w, https:\/\/xn--schtzenverein-grussendorf-hwc.de\/wp-content\/uploads\/2019\/02\/IMG_2076-450x300.jpg 450w\" sizes=\"auto, (max-width: 584px) 100vw, 584px\" \/><p id=\"caption-attachment-227\" class=\"wp-caption-text\">Preise \u00fcber Preise<\/p><\/div>\n","protected":false},"excerpt":{"rendered":"<p>Das Ostereierschie\u00dfen ist eine Veranstaltung mit langer Tradition im Sch\u00fctzenverein. Jedes Jahr am Freitag vor Ostern wird die Eierk\u00f6nigin oder der Eierk\u00f6nig ausgeschossen. Dabei kommt es weniger auf das K\u00f6nnen an als auf Gl\u00fcck und ein wenig Strategie. Alle Teilnehmer &hellip; <a href=\"https:\/\/sch\u00fctzenverein-grussendorf.de\/?page_id=1006\">Weiterlesen <span class=\"meta-nav\">&rarr;<\/span><\/a><\/p>\n","protected":false},"author":1,"featured_media":0,"parent":0,"menu_order":0,"comment_status":"closed","ping_status":"closed","template":"sidebar-page.php","meta":{"footnotes":""},"class_list":["post-1006","page","type-page","status-publish","hentry"],"_links":{"self":[{"href":"https:\/\/sch\u00fctzenverein-grussendorf.de\/index.php?rest_route=\/wp\/v2\/pages\/1006","targetHints":{"allow":["GET"]}}],"collection":[{"href":"https:\/\/sch\u00fctzenverein-grussendorf.de\/index.php?rest_route=\/wp\/v2\/pages"}],"about":[{"href":"https:\/\/sch\u00fctzenverein-grussendorf.de\/index.php?rest_route=\/wp\/v2\/types\/page"}],"author":[{"embeddable":true,"href":"https:\/\/sch\u00fctzenverein-grussendorf.de\/index.php?rest_route=\/wp\/v2\/users\/1"}],"replies":[{"embeddable":true,"href":"https:\/\/sch\u00fctzenverein-grussendorf.de\/index.php?rest_route=%2Fwp%2Fv2%2Fcomments&post=1006"}],"version-history":[{"count":4,"href":"https:\/\/sch\u00fctzenverein-grussendorf.de\/index.php?rest_route=\/wp\/v2\/pages\/1006\/revisions"}],"predecessor-version":[{"id":1013,"href":"https:\/\/sch\u00fctzenverein-grussendorf.de\/index.php?rest_route=\/wp\/v2\/pages\/1006\/revisions\/1013"}],"wp:attachment":[{"href":"https:\/\/sch\u00fctzenverein-grussendorf.de\/index.php?rest_route=%2Fwp%2Fv2%2Fmedia&parent=1006"}],"curies":[{"name":"wp","href":"https:\/\/api.w.org\/{rel}","templated":true}]}}